{"id":10844,"date":"2024-08-19T20:50:45","date_gmt":"2024-08-19T18:50:45","guid":{"rendered":"https:\/\/travelandeatpasta.com\/?page_id=10844"},"modified":"2025-01-25T17:43:43","modified_gmt":"2025-01-25T16:43:43","slug":"sesje-zdjeciowe","status":"publish","type":"page","link":"https:\/\/travelandeatpasta.com\/en\/sesje-zdjeciowe\/","title":{"rendered":"Photoshoots"},"content":{"rendered":"<div data-elementor-type=\"wp-page\" data-elementor-id=\"10844\" class=\"elementor elementor-10844\" data-elementor-post-type=\"page\">\n\t\t\t\t<div class=\"elementor-element elementor-element-7866de0 e-flex e-con-boxed qodef-container-heights--disabled e-con e-parent\" data-id=\"7866de0\" data-element_type=\"container\" data-e-type=\"container\" data-settings=\"{&quot;background_background&quot;:&quot;classic&quot;}\">\n\t\t\t\t\t<div class=\"e-con-inner\">\n\t\t\t\t<div class=\"elementor-element elementor-element-ea51030 elementor-widget elementor-widget-heading\" data-id=\"ea51030\" data-element_type=\"widget\" data-e-type=\"widget\" data-widget_type=\"heading.default\">\n\t\t\t\t<div class=\"elementor-widget-container\">\n\t\t\t\t\t<h4 class=\"elementor-heading-title elementor-size-default\">Along with my love of traveling and exploring Italian destinations, another feeling came quite naturally - a fascination with photography. Frames full of memories and capturing moments in the heart is what I love photography most for.<\/h4>\t\t\t\t<\/div>\n\t\t\t\t<\/div>\n\t\t\t\t\t<\/div>\n\t\t\t\t<\/div>\n\t\t<div class=\"elementor-element elementor-element-8d5875f e-flex e-con-boxed qodef-container-heights--disabled e-con e-parent\" data-id=\"8d5875f\" data-element_type=\"container\" data-e-type=\"container\">\n\t\t\t\t\t<div class=\"e-con-inner\">\n\t\t<div class=\"elementor-element elementor-element-f9a95ab e-con-full e-flex qodef-container-heights--disabled e-con e-child\" data-id=\"f9a95ab\" data-element_type=\"container\" data-e-type=\"container\">\n\t\t\t\t<div class=\"elementor-element elementor-element-f849c44 elementor-widget elementor-widget-heading\" data-id=\"f849c44\" data-element_type=\"widget\" data-e-type=\"widget\" data-widget_type=\"heading.default\">\n\t\t\t\t<div class=\"elementor-widget-container\">\n\t\t\t\t\t<h3 class=\"elementor-heading-title elementor-size-default\">Photo sessions in Italy<\/h3>\t\t\t\t<\/div>\n\t\t\t\t<\/div>\n\t\t\t\t<div class=\"elementor-element elementor-element-d0856a6 elementor-widget elementor-widget-text-editor\" data-id=\"d0856a6\" data-element_type=\"widget\" data-e-type=\"widget\" data-widget_type=\"text-editor.default\">\n\t\t\t\t<div class=\"elementor-widget-container\">\n\t\t\t\t\t\t\t\t\t<p>It's hard to find a more romantic setting than that offered by Italian towns. I would be happy to do a photo shoot for you within Italy. I have my base on Lake Como, but the southern coast, Capri or the Sorrento area also sound exciting. I will do both a short photo shoot and a longer reportage.<\/p>\t\t\t\t\t\t\t\t<\/div>\n\t\t\t\t<\/div>\n\t\t\t\t<\/div>\n\t\t<div class=\"elementor-element elementor-element-ac221bb e-con-full e-flex qodef-container-heights--disabled e-con e-child\" data-id=\"ac221bb\" data-element_type=\"container\" data-e-type=\"container\">\n\t\t\t\t<\/div>\n\t\t\t\t\t<\/div>\n\t\t\t\t<\/div>\n\t\t<div class=\"elementor-element elementor-element-d429218 e-flex e-con-boxed qodef-container-heights--disabled e-con e-parent\" data-id=\"d429218\" data-element_type=\"container\" data-e-type=\"container\">\n\t\t\t\t\t<div class=\"e-con-inner\">\n\t\t<div class=\"elementor-element elementor-element-d56e2c6 e-con-full e-flex qodef-container-heights--disabled e-con e-child\" data-id=\"d56e2c6\" data-element_type=\"container\" data-e-type=\"container\">\n\t\t\t\t<\/div>\n\t\t<div class=\"elementor-element elementor-element-51fc0ca e-con-full e-flex qodef-container-heights--disabled e-con e-child\" data-id=\"51fc0ca\" data-element_type=\"container\" data-e-type=\"container\">\n\t\t\t\t<div class=\"elementor-element elementor-element-2563cc5 elementor-widget elementor-widget-heading\" data-id=\"2563cc5\" data-element_type=\"widget\" data-e-type=\"widget\" data-widget_type=\"heading.default\">\n\t\t\t\t<div class=\"elementor-widget-container\">\n\t\t\t\t\t<h3 class=\"elementor-heading-title elementor-size-default\">Love &amp; People<\/h3>\t\t\t\t<\/div>\n\t\t\t\t<\/div>\n\t\t\t\t<div class=\"elementor-element elementor-element-0903053 elementor-widget elementor-widget-text-editor\" data-id=\"0903053\" data-element_type=\"widget\" data-e-type=\"widget\" data-widget_type=\"text-editor.default\">\n\t\t\t\t<div class=\"elementor-widget-container\">\n\t\t\t\t\t\t\t\t\t<p>When words are in short supply, that's when frames come to the rescue. I would be happy to arrange a photo session for you in the most beautiful Italian scenery. Photos of couples and individuals in the most beautiful holiday settings.<\/p>\t\t\t\t\t\t\t\t<\/div>\n\t\t\t\t<\/div>\n\t\t\t\t<\/div>\n\t\t\t\t\t<\/div>\n\t\t\t\t<\/div>\n\t\t<div class=\"elementor-element elementor-element-750a889 e-flex e-con-boxed qodef-container-heights--disabled e-con e-parent\" data-id=\"750a889\" data-element_type=\"container\" data-e-type=\"container\">\n\t\t\t\t\t<div class=\"e-con-inner\">\n\t\t<div class=\"elementor-element elementor-element-efd1353 e-con-full e-flex qodef-container-heights--disabled e-con e-child\" data-id=\"efd1353\" data-element_type=\"container\" data-e-type=\"container\">\n\t\t\t\t<div class=\"elementor-element elementor-element-690993e elementor-widget elementor-widget-heading\" data-id=\"690993e\" data-element_type=\"widget\" data-e-type=\"widget\" data-widget_type=\"heading.default\">\n\t\t\t\t<div class=\"elementor-widget-container\">\n\t\t\t\t\t<h3 class=\"elementor-heading-title elementor-size-default\">Engagements and Couples<\/h3>\t\t\t\t<\/div>\n\t\t\t\t<\/div>\n\t\t\t\t<div class=\"elementor-element elementor-element-5556b3a elementor-widget elementor-widget-text-editor\" data-id=\"5556b3a\" data-element_type=\"widget\" data-e-type=\"widget\" data-widget_type=\"text-editor.default\">\n\t\t\t\t<div class=\"elementor-widget-container\">\n\t\t\t\t\t\t\t\t\t<p>The most important moments in life. If you're looking for a unique setting for an engagement, or maybe just a beautiful memento of your trip together? There is a certain magic in photos of couples that I want to bring out.<\/p>\t\t\t\t\t\t\t\t<\/div>\n\t\t\t\t<\/div>\n\t\t\t\t<\/div>\n\t\t<div class=\"elementor-element elementor-element-fea4438 e-con-full e-flex qodef-container-heights--disabled e-con e-child\" data-id=\"fea4438\" data-element_type=\"container\" data-e-type=\"container\">\n\t\t\t\t<\/div>\n\t\t\t\t\t<\/div>\n\t\t\t\t<\/div>\n\t\t<div class=\"elementor-element elementor-element-07f92c6 e-flex e-con-boxed qodef-container-heights--disabled e-con e-parent\" data-id=\"07f92c6\" data-element_type=\"container\" data-e-type=\"container\">\n\t\t\t\t\t<div class=\"e-con-inner\">\n\t\t<div class=\"elementor-element elementor-element-4fc446d e-con-full e-flex qodef-container-heights--disabled e-con e-child\" data-id=\"4fc446d\" data-element_type=\"container\" data-e-type=\"container\">\n\t\t\t\t<\/div>\n\t\t<div class=\"elementor-element elementor-element-b8dbcfe e-con-full e-flex qodef-container-heights--disabled e-con e-child\" data-id=\"b8dbcfe\" data-element_type=\"container\" data-e-type=\"container\">\n\t\t\t\t<div class=\"elementor-element elementor-element-fb6f501 elementor-widget elementor-widget-heading\" data-id=\"fb6f501\" data-element_type=\"widget\" data-e-type=\"widget\" data-widget_type=\"heading.default\">\n\t\t\t\t<div class=\"elementor-widget-container\">\n\t\t\t\t\t<h3 class=\"elementor-heading-title elementor-size-default\">Destination Photographer<\/h3>\t\t\t\t<\/div>\n\t\t\t\t<\/div>\n\t\t\t\t<div class=\"elementor-element elementor-element-172470a elementor-widget elementor-widget-text-editor\" data-id=\"172470a\" data-element_type=\"widget\" data-e-type=\"widget\" data-widget_type=\"text-editor.default\">\n\t\t\t\t<div class=\"elementor-widget-container\">\n\t\t\t\t\t\t\t\t\t<p>In addition to photo shoots in Italy, it is also possible to shoot in other places - Spain, Portugal and other European cities. It all depends on the vision you have in your mind. Let this vacation be magical.<\/p>\t\t\t\t\t\t\t\t<\/div>\n\t\t\t\t<\/div>\n\t\t\t\t<\/div>\n\t\t\t\t\t<\/div>\n\t\t\t\t<\/div>\n\t\t<div class=\"elementor-element elementor-element-7570c8d e-flex e-con-boxed qodef-container-heights--disabled e-con e-parent\" data-id=\"7570c8d\" data-element_type=\"container\" data-e-type=\"container\">\n\t\t\t\t\t<div class=\"e-con-inner\">\n\t\t\t\t<div class=\"elementor-element elementor-element-4167350 o-mnie elementor-widget elementor-widget-heading\" data-id=\"4167350\" data-element_type=\"widget\" data-e-type=\"widget\" data-widget_type=\"heading.default\">\n\t\t\t\t<div class=\"elementor-widget-container\">\n\t\t\t\t\t<h2 class=\"elementor-heading-title elementor-size-default\">Tell me about your plans<\/h2>\t\t\t\t<\/div>\n\t\t\t\t<\/div>\n\t\t\t\t<div class=\"elementor-element elementor-element-64aec2e elementor-widget__width-initial elementor-widget elementor-widget-qi_addons_for_elementor_contact_form_7\" data-id=\"64aec2e\" data-element_type=\"widget\" data-e-type=\"widget\" data-widget_type=\"qi_addons_for_elementor_contact_form_7.default\">\n\t\t\t\t<div class=\"elementor-widget-container\">\n\t\t\t\t\t<div class=\"qodef-shortcode qodef-m qodef-qi-contact-form-7\">\n\t\n<div class=\"wpcf7 no-js\" id=\"wpcf7-f5149-o1\" lang=\"pl-PL\" dir=\"ltr\" data-wpcf7-id=\"5149\">\n<div class=\"screen-reader-response\"><p role=\"status\" aria-live=\"polite\" aria-atomic=\"true\"><\/p> <ul><\/ul><\/div>\n<form action=\"\/en\/wp-json\/wp\/v2\/pages\/10844#wpcf7-f5149-o1\" method=\"post\" class=\"wpcf7-form init\" aria-label=\"Formularz kontaktowy\" novalidate=\"novalidate\" data-status=\"init\" data-trp-original-action=\"\/en\/wp-json\/wp\/v2\/pages\/10844#wpcf7-f5149-o1\">\n<fieldset class=\"hidden-fields-container\"><input type=\"hidden\" name=\"_wpcf7\" value=\"5149\" \/><input type=\"hidden\" name=\"_wpcf7_version\" value=\"6.1.5\" \/><input type=\"hidden\" name=\"_wpcf7_locale\" value=\"pl_PL\" \/><input type=\"hidden\" name=\"_wpcf7_unit_tag\" value=\"wpcf7-f5149-o1\" \/><input type=\"hidden\" name=\"_wpcf7_container_post\" value=\"0\" \/><input type=\"hidden\" name=\"_wpcf7_posted_data_hash\" value=\"\" \/>\n<\/fieldset>\n<label> Your name\n    <span class=\"wpcf7-form-control-wrap\" data-name=\"your-name\"><input size=\"40\" maxlength=\"400\" class=\"wpcf7-form-control wpcf7-text wpcf7-validates-as-required\" autocomplete=\"name\" aria-required=\"true\" aria-invalid=\"false\" value=\"\" type=\"text\" name=\"your-name\" \/><\/span> <\/label>\n\n<label> Your e-mail*\n    <span class=\"wpcf7-form-control-wrap\" data-name=\"your-email\"><input size=\"40\" maxlength=\"400\" class=\"wpcf7-form-control wpcf7-email wpcf7-validates-as-required wpcf7-text wpcf7-validates-as-email\" autocomplete=\"email\" aria-required=\"true\" aria-invalid=\"false\" value=\"\" type=\"email\" name=\"your-email\" \/><\/span> <\/label>\n\n<label> Subject*\n    <span class=\"wpcf7-form-control-wrap\" data-name=\"your-subject\"><input size=\"40\" maxlength=\"400\" class=\"wpcf7-form-control wpcf7-text wpcf7-validates-as-required\" aria-required=\"true\" aria-invalid=\"false\" value=\"\" type=\"text\" name=\"your-subject\" \/><\/span> <\/label>\n\n<label> Your message\n    <span class=\"wpcf7-form-control-wrap\" data-name=\"your-message\"><textarea cols=\"40\" rows=\"10\" maxlength=\"2000\" class=\"wpcf7-form-control wpcf7-textarea\" aria-invalid=\"false\" name=\"your-message\"><\/textarea><\/span> <\/label>\n\n<button class=\"wpcf7-form-control wpcf7-submit qodef-button qodef-size--normal qodef-layout--filled qodef-m\" type=\"submit\"><span class=\"qodef-m-text\">Send message<\/span><\/button><div class=\"wpcf7-response-output\" aria-hidden=\"true\"><\/div>\n<input type=\"hidden\" name=\"trp-form-language\" value=\"en\"\/><\/form>\n<\/div>\n<\/div>\n\t\t\t\t<\/div>\n\t\t\t\t<\/div>\n\t\t\t\t\t<\/div>\n\t\t\t\t<\/div>\n\t\t<div class=\"elementor-element elementor-element-4e518c8 e-con-full e-flex qodef-container-heights--disabled e-con e-parent\" data-id=\"4e518c8\" data-element_type=\"container\" data-e-type=\"container\">\n\t\t<div class=\"elementor-element elementor-element-83fc920 e-con-full e-flex qodef-container-heights--disabled e-con e-child\" data-id=\"83fc920\" data-element_type=\"container\" data-e-type=\"container\">\n\t\t\t\t<\/div>\n\t\t<div class=\"elementor-element elementor-element-1e246da e-con-full e-flex qodef-container-heights--disabled e-con e-child\" data-id=\"1e246da\" data-element_type=\"container\" data-e-type=\"container\">\n\t\t\t\t<div class=\"elementor-element elementor-element-805a683 elementor-widget elementor-widget-image\" data-id=\"805a683\" data-element_type=\"widget\" data-e-type=\"widget\" data-widget_type=\"image.default\">\n\t\t\t\t<div class=\"elementor-widget-container\">\n\t\t\t\t\t\t\t\t\t\t\t\t\t\t\t<img decoding=\"async\" src=\"https:\/\/travelandeatpasta.com\/wp-content\/uploads\/elementor\/thumbs\/travel_and_eat_pasta_logo-qzeymf7yortc9hm67wmdmjcqqixb06i79w57gneh98.png\" title=\"travel_and_eat_pasta_logo\" alt=\"travel_and_eat_pasta_logo\" loading=\"lazy\" \/>\t\t\t\t\t\t\t\t\t\t\t\t\t\t\t<\/div>\n\t\t\t\t<\/div>\n\t\t\t\t<div class=\"elementor-element elementor-element-6ec66be elementor-widget elementor-widget-text-editor\" data-id=\"6ec66be\" data-element_type=\"widget\" data-e-type=\"widget\" data-widget_type=\"text-editor.default\">\n\t\t\t\t<div class=\"elementor-widget-container\">\n\t\t\t\t\t\t\t\t\t<p><strong>Travel and Eat Pasta blog<\/strong>, which was created to share inspiration and accounts of travel in Europe and Asia. On the blog you will find not only descriptions of inspiring places. Here you will find recommendations of the best restaurants - above all, sincere places, not necessarily the most touristy ones. Travel and Eat Pasta - as the name suggests - is also a blog about Italy. I devote a lot of space here to Italian cuisine and the culture of Italy, which I began to take an interest in two years ago, and for completely personal reasons!<\/p>\t\t\t\t\t\t\t\t<\/div>\n\t\t\t\t<\/div>\n\t\t\t\t<\/div>\n\t\t\t\t<\/div>\n\t\t\t\t<\/div>","protected":false},"excerpt":{"rendered":"<p>Wraz z mi\u0142o\u015bci\u0105 do podr\u00f3\u017cy i odkrywania w\u0142oskich destynacji, zupe\u0142nie naturalnie pojawi\u0142o si\u0119 kolejne uczucie \u2013 fascynacja fotografi\u0105. Kadry pe\u0142ne wspomnie\u0144 i zatrzymanie chwil w sercu to to, za co najbardziej kocham fotografi\u0119. Photo sessions in Italy Trudno o bardziej romantyczn\u0105 sceneri\u0119 ni\u017c t\u0119, kt\u00f3r\u0105 oferuj\u0105 w\u0142oskie miasteczka. Z rado\u015bci\u0105 wykonam dla Ciebie sesj\u0119 zdj\u0119ciow\u0105 [&hellip;]<\/p>\n","protected":false},"author":4,"featured_media":0,"parent":0,"menu_order":0,"comment_status":"closed","ping_status":"closed","template":"page-full-width.php","meta":{"footnotes":""},"class_list":["post-10844","page","type-page","status-publish","hentry"],"yoast_head":"<!-- This site is optimized with the Yoast SEO plugin v26.8 - https:\/\/yoast.com\/product\/yoast-seo-wordpress\/ -->\n<title>Sesje zdj\u0119ciowe - Travel and Eat Pasta<\/title>\n<meta name=\"robots\" content=\"index, follow, max-snippet:-1, max-image-preview:large, max-video-preview:-1\" \/>\n<link rel=\"canonical\" href=\"https:\/\/travelandeatpasta.com\/en\/sesje-zdjeciowe\/\" \/>\n<meta property=\"og:locale\" content=\"en_US\" \/>\n<meta property=\"og:type\" content=\"article\" \/>\n<meta property=\"og:title\" content=\"Sesje zdj\u0119ciowe - Travel and Eat Pasta\" \/>\n<meta property=\"og:description\" content=\"Wraz z mi\u0142o\u015bci\u0105 do podr\u00f3\u017cy i odkrywania w\u0142oskich destynacji, zupe\u0142nie naturalnie pojawi\u0142o si\u0119 kolejne uczucie \u2013 fascynacja fotografi\u0105. Kadry pe\u0142ne wspomnie\u0144 i zatrzymanie chwil w sercu to to, za co najbardziej kocham fotografi\u0119. Photo sessions in Italy Trudno o bardziej romantyczn\u0105 sceneri\u0119 ni\u017c t\u0119, kt\u00f3r\u0105 oferuj\u0105 w\u0142oskie miasteczka. Z rado\u015bci\u0105 wykonam dla Ciebie sesj\u0119 zdj\u0119ciow\u0105 [&hellip;]\" \/>\n<meta property=\"og:url\" content=\"https:\/\/travelandeatpasta.com\/en\/sesje-zdjeciowe\/\" \/>\n<meta property=\"og:site_name\" content=\"Travel and Eat Pasta\" \/>\n<meta property=\"article:modified_time\" content=\"2025-01-25T16:43:43+00:00\" \/>\n<meta property=\"og:image\" content=\"https:\/\/travelandeatpasta.com\/wp-content\/uploads\/elementor\/thumbs\/travel_and_eat_pasta_logo-qzeymf7yortc9hm67wmdmjcqqixb06i79w57gneh98.png\" \/>\n<meta name=\"twitter:card\" content=\"summary_large_image\" \/>\n<meta name=\"twitter:label1\" content=\"Est. reading time\" \/>\n\t<meta name=\"twitter:data1\" content=\"2 minutes\" \/>\n<script type=\"application\/ld+json\" class=\"yoast-schema-graph\">{\"@context\":\"https:\/\/schema.org\",\"@graph\":[{\"@type\":\"WebPage\",\"@id\":\"https:\/\/travelandeatpasta.com\/sesje-zdjeciowe\/\",\"url\":\"https:\/\/travelandeatpasta.com\/sesje-zdjeciowe\/\",\"name\":\"Sesje zdj\u0119ciowe - Travel and Eat Pasta\",\"isPartOf\":{\"@id\":\"https:\/\/travelandeatpasta.com\/#website\"},\"primaryImageOfPage\":{\"@id\":\"https:\/\/travelandeatpasta.com\/sesje-zdjeciowe\/#primaryimage\"},\"image\":{\"@id\":\"https:\/\/travelandeatpasta.com\/sesje-zdjeciowe\/#primaryimage\"},\"thumbnailUrl\":\"https:\/\/travelandeatpasta.com\/wp-content\/uploads\/elementor\/thumbs\/travel_and_eat_pasta_logo-qzeymf7yortc9hm67wmdmjcqqixb06i79w57gneh98.png\",\"datePublished\":\"2024-08-19T18:50:45+00:00\",\"dateModified\":\"2025-01-25T16:43:43+00:00\",\"breadcrumb\":{\"@id\":\"https:\/\/travelandeatpasta.com\/sesje-zdjeciowe\/#breadcrumb\"},\"inLanguage\":\"en-US\",\"potentialAction\":[{\"@type\":\"ReadAction\",\"target\":[\"https:\/\/travelandeatpasta.com\/sesje-zdjeciowe\/\"]}]},{\"@type\":\"ImageObject\",\"inLanguage\":\"en-US\",\"@id\":\"https:\/\/travelandeatpasta.com\/sesje-zdjeciowe\/#primaryimage\",\"url\":\"https:\/\/travelandeatpasta.com\/wp-content\/uploads\/elementor\/thumbs\/travel_and_eat_pasta_logo-qzeymf7yortc9hm67wmdmjcqqixb06i79w57gneh98.png\",\"contentUrl\":\"https:\/\/travelandeatpasta.com\/wp-content\/uploads\/elementor\/thumbs\/travel_and_eat_pasta_logo-qzeymf7yortc9hm67wmdmjcqqixb06i79w57gneh98.png\"},{\"@type\":\"BreadcrumbList\",\"@id\":\"https:\/\/travelandeatpasta.com\/sesje-zdjeciowe\/#breadcrumb\",\"itemListElement\":[{\"@type\":\"ListItem\",\"position\":1,\"name\":\"Strona g\u0142\u00f3wna\",\"item\":\"https:\/\/travelandeatpasta.com\/\"},{\"@type\":\"ListItem\",\"position\":2,\"name\":\"Sesje zdj\u0119ciowe\"}]},{\"@type\":\"WebSite\",\"@id\":\"https:\/\/travelandeatpasta.com\/#website\",\"url\":\"https:\/\/travelandeatpasta.com\/\",\"name\":\"Travel and Eat Pasta - blog o podr\u00f3\u017cach po Europie, W\u0142ochach i najlepszych restauracjach\",\"description\":\"Blog o W\u0142oszech i podr\u00f3\u017cach po Europie i \u015bwiecie\",\"publisher\":{\"@id\":\"https:\/\/travelandeatpasta.com\/#\/schema\/person\/dfb3e875ac8bd2f4247599904ab790b6\"},\"potentialAction\":[{\"@type\":\"SearchAction\",\"target\":{\"@type\":\"EntryPoint\",\"urlTemplate\":\"https:\/\/travelandeatpasta.com\/?s={search_term_string}\"},\"query-input\":{\"@type\":\"PropertyValueSpecification\",\"valueRequired\":true,\"valueName\":\"search_term_string\"}}],\"inLanguage\":\"en-US\"},{\"@type\":[\"Person\",\"Organization\"],\"@id\":\"https:\/\/travelandeatpasta.com\/#\/schema\/person\/dfb3e875ac8bd2f4247599904ab790b6\",\"name\":\"travelandeatpasta.com\",\"image\":{\"@type\":\"ImageObject\",\"inLanguage\":\"en-US\",\"@id\":\"https:\/\/travelandeatpasta.com\/#\/schema\/person\/image\/\",\"url\":\"https:\/\/travelandeatpasta.com\/wp-content\/uploads\/2023\/11\/26eedf1b-81f1-46d2-806d-5c541849c820-1.png\",\"contentUrl\":\"https:\/\/travelandeatpasta.com\/wp-content\/uploads\/2023\/11\/26eedf1b-81f1-46d2-806d-5c541849c820-1.png\",\"width\":500,\"height\":500,\"caption\":\"travelandeatpasta.com\"},\"logo\":{\"@id\":\"https:\/\/travelandeatpasta.com\/#\/schema\/person\/image\/\"},\"description\":\"Hi, thank you for visiting me! Travel and Eat Pasta is a blog that was created to inspire and share places that I've visited. I love travelling, photography and creating content. In private, I split my life between Poland and Italy, so you will find a lot of inspiration from these two countries here!\",\"sameAs\":[\"http:\/\/travelandeatpasta.com\",\"https:\/\/www.instagram.com\/travelandeatpasta\/\"]}]}<\/script>\n<!-- \/ Yoast SEO plugin. -->","yoast_head_json":{"title":"Sesje zdj\u0119ciowe - Travel and Eat Pasta","robots":{"index":"index","follow":"follow","max-snippet":"max-snippet:-1","max-image-preview":"max-image-preview:large","max-video-preview":"max-video-preview:-1"},"canonical":"https:\/\/travelandeatpasta.com\/en\/sesje-zdjeciowe\/","og_locale":"en_US","og_type":"article","og_title":"Sesje zdj\u0119ciowe - Travel and Eat Pasta","og_description":"Wraz z mi\u0142o\u015bci\u0105 do podr\u00f3\u017cy i odkrywania w\u0142oskich destynacji, zupe\u0142nie naturalnie pojawi\u0142o si\u0119 kolejne uczucie \u2013 fascynacja fotografi\u0105. Kadry pe\u0142ne wspomnie\u0144 i zatrzymanie chwil w sercu to to, za co najbardziej kocham fotografi\u0119. Photo sessions in Italy Trudno o bardziej romantyczn\u0105 sceneri\u0119 ni\u017c t\u0119, kt\u00f3r\u0105 oferuj\u0105 w\u0142oskie miasteczka. Z rado\u015bci\u0105 wykonam dla Ciebie sesj\u0119 zdj\u0119ciow\u0105 [&hellip;]","og_url":"https:\/\/travelandeatpasta.com\/en\/sesje-zdjeciowe\/","og_site_name":"Travel and Eat Pasta","article_modified_time":"2025-01-25T16:43:43+00:00","og_image":[{"url":"https:\/\/travelandeatpasta.com\/wp-content\/uploads\/elementor\/thumbs\/travel_and_eat_pasta_logo-qzeymf7yortc9hm67wmdmjcqqixb06i79w57gneh98.png","type":"","width":"","height":""}],"twitter_card":"summary_large_image","twitter_misc":{"Est. reading time":"2 minutes"},"schema":{"@context":"https:\/\/schema.org","@graph":[{"@type":"WebPage","@id":"https:\/\/travelandeatpasta.com\/sesje-zdjeciowe\/","url":"https:\/\/travelandeatpasta.com\/sesje-zdjeciowe\/","name":"Sesje zdj\u0119ciowe - Travel and Eat Pasta","isPartOf":{"@id":"https:\/\/travelandeatpasta.com\/#website"},"primaryImageOfPage":{"@id":"https:\/\/travelandeatpasta.com\/sesje-zdjeciowe\/#primaryimage"},"image":{"@id":"https:\/\/travelandeatpasta.com\/sesje-zdjeciowe\/#primaryimage"},"thumbnailUrl":"https:\/\/travelandeatpasta.com\/wp-content\/uploads\/elementor\/thumbs\/travel_and_eat_pasta_logo-qzeymf7yortc9hm67wmdmjcqqixb06i79w57gneh98.png","datePublished":"2024-08-19T18:50:45+00:00","dateModified":"2025-01-25T16:43:43+00:00","breadcrumb":{"@id":"https:\/\/travelandeatpasta.com\/sesje-zdjeciowe\/#breadcrumb"},"inLanguage":"en-US","potentialAction":[{"@type":"ReadAction","target":["https:\/\/travelandeatpasta.com\/sesje-zdjeciowe\/"]}]},{"@type":"ImageObject","inLanguage":"en-US","@id":"https:\/\/travelandeatpasta.com\/sesje-zdjeciowe\/#primaryimage","url":"https:\/\/travelandeatpasta.com\/wp-content\/uploads\/elementor\/thumbs\/travel_and_eat_pasta_logo-qzeymf7yortc9hm67wmdmjcqqixb06i79w57gneh98.png","contentUrl":"https:\/\/travelandeatpasta.com\/wp-content\/uploads\/elementor\/thumbs\/travel_and_eat_pasta_logo-qzeymf7yortc9hm67wmdmjcqqixb06i79w57gneh98.png"},{"@type":"BreadcrumbList","@id":"https:\/\/travelandeatpasta.com\/sesje-zdjeciowe\/#breadcrumb","itemListElement":[{"@type":"ListItem","position":1,"name":"Strona g\u0142\u00f3wna","item":"https:\/\/travelandeatpasta.com\/"},{"@type":"ListItem","position":2,"name":"Sesje zdj\u0119ciowe"}]},{"@type":"WebSite","@id":"https:\/\/travelandeatpasta.com\/#website","url":"https:\/\/travelandeatpasta.com\/","name":"Travel and Eat Pasta - blog o podr\u00f3\u017cach po Europie, W\u0142ochach i najlepszych restauracjach","description":"Blog o W\u0142oszech i podr\u00f3\u017cach po Europie i \u015bwiecie","publisher":{"@id":"https:\/\/travelandeatpasta.com\/#\/schema\/person\/dfb3e875ac8bd2f4247599904ab790b6"},"potentialAction":[{"@type":"SearchAction","target":{"@type":"EntryPoint","urlTemplate":"https:\/\/travelandeatpasta.com\/?s={search_term_string}"},"query-input":{"@type":"PropertyValueSpecification","valueRequired":true,"valueName":"search_term_string"}}],"inLanguage":"en-US"},{"@type":["Person","Organization"],"@id":"https:\/\/travelandeatpasta.com\/#\/schema\/person\/dfb3e875ac8bd2f4247599904ab790b6","name":"travelandeatpasta.com","image":{"@type":"ImageObject","inLanguage":"en-US","@id":"https:\/\/travelandeatpasta.com\/#\/schema\/person\/image\/","url":"https:\/\/travelandeatpasta.com\/wp-content\/uploads\/2023\/11\/26eedf1b-81f1-46d2-806d-5c541849c820-1.png","contentUrl":"https:\/\/travelandeatpasta.com\/wp-content\/uploads\/2023\/11\/26eedf1b-81f1-46d2-806d-5c541849c820-1.png","width":500,"height":500,"caption":"travelandeatpasta.com"},"logo":{"@id":"https:\/\/travelandeatpasta.com\/#\/schema\/person\/image\/"},"description":"Hi, thank you for visiting me! Travel and Eat Pasta is a blog that was created to inspire and share places that I've visited. I love travelling, photography and creating content. In private, I split my life between Poland and Italy, so you will find a lot of inspiration from these two countries here!","sameAs":["http:\/\/travelandeatpasta.com","https:\/\/www.instagram.com\/travelandeatpasta\/"]}]}},"_links":{"self":[{"href":"https:\/\/travelandeatpasta.com\/en\/wp-json\/wp\/v2\/pages\/10844","targetHints":{"allow":["GET"]}}],"collection":[{"href":"https:\/\/travelandeatpasta.com\/en\/wp-json\/wp\/v2\/pages"}],"about":[{"href":"https:\/\/travelandeatpasta.com\/en\/wp-json\/wp\/v2\/types\/page"}],"author":[{"embeddable":true,"href":"https:\/\/travelandeatpasta.com\/en\/wp-json\/wp\/v2\/users\/4"}],"replies":[{"embeddable":true,"href":"https:\/\/travelandeatpasta.com\/en\/wp-json\/wp\/v2\/comments?post=10844"}],"version-history":[{"count":40,"href":"https:\/\/travelandeatpasta.com\/en\/wp-json\/wp\/v2\/pages\/10844\/revisions"}],"predecessor-version":[{"id":12260,"href":"https:\/\/travelandeatpasta.com\/en\/wp-json\/wp\/v2\/pages\/10844\/revisions\/12260"}],"wp:attachment":[{"href":"https:\/\/travelandeatpasta.com\/en\/wp-json\/wp\/v2\/media?parent=10844"}],"curies":[{"name":"wp","href":"https:\/\/api.w.org\/{rel}","templated":true}]}}