{"id":2228,"date":"2024-01-29T22:44:48","date_gmt":"2024-01-29T21:44:48","guid":{"rendered":"https:\/\/travelandeatpasta.com\/?page_id=2228"},"modified":"2024-08-19T20:37:57","modified_gmt":"2024-08-19T18:37:57","slug":"o-mnie","status":"publish","type":"page","link":"https:\/\/travelandeatpasta.com\/en\/o-mnie\/","title":{"rendered":"About me"},"content":{"rendered":"<div data-elementor-type=\"wp-page\" data-elementor-id=\"2228\" class=\"elementor elementor-2228\" data-elementor-post-type=\"page\">\n\t\t\t\t<div class=\"elementor-element elementor-element-e616127 e-flex e-con-boxed qodef-container-heights--disabled e-con e-parent\" data-id=\"e616127\" data-element_type=\"container\" data-e-type=\"container\">\n\t\t\t\t\t<div class=\"e-con-inner\">\n\t\t<div class=\"elementor-element elementor-element-a30e1e1 e-con-full e-flex qodef-container-heights--disabled e-con e-child\" data-id=\"a30e1e1\" data-element_type=\"container\" data-e-type=\"container\">\n\t\t\t\t<div class=\"elementor-element elementor-element-6bc61a1 elementor-widget elementor-widget-wanderaway_core_single_image\" data-id=\"6bc61a1\" data-element_type=\"widget\" data-e-type=\"widget\" data-widget_type=\"wanderaway_core_single_image.default\">\n\t\t\t\t<div class=\"elementor-widget-container\">\n\t\t\t\t\t<div class=\"qodef-shortcode qodef-m  qodef-single-image qodef-layout--default    qodef-image-mask\">\n\t\t\t<div class=\"qodef-m-image\">\n\t\t\t\t\t\t\t\t<img fetchpriority=\"high\" decoding=\"async\" width=\"2026\" height=\"2026\" src=\"https:\/\/travelandeatpasta.com\/wp-content\/uploads\/2023\/06\/353052090_6419812794731207_6296041118025793902_n.jpg\" class=\"attachment-full size-full\" alt=\"\" srcset=\"https:\/\/travelandeatpasta.com\/wp-content\/uploads\/2023\/06\/353052090_6419812794731207_6296041118025793902_n.jpg 2026w, https:\/\/travelandeatpasta.com\/wp-content\/uploads\/2023\/06\/353052090_6419812794731207_6296041118025793902_n-300x300.jpg 300w, https:\/\/travelandeatpasta.com\/wp-content\/uploads\/2023\/06\/353052090_6419812794731207_6296041118025793902_n-1024x1024.jpg 1024w, https:\/\/travelandeatpasta.com\/wp-content\/uploads\/2023\/06\/353052090_6419812794731207_6296041118025793902_n-150x150.jpg 150w, https:\/\/travelandeatpasta.com\/wp-content\/uploads\/2023\/06\/353052090_6419812794731207_6296041118025793902_n-768x768.jpg 768w, https:\/\/travelandeatpasta.com\/wp-content\/uploads\/2023\/06\/353052090_6419812794731207_6296041118025793902_n-1536x1536.jpg 1536w, https:\/\/travelandeatpasta.com\/wp-content\/uploads\/2023\/06\/353052090_6419812794731207_6296041118025793902_n-600x600.jpg 600w\" sizes=\"(max-width: 2026px) 100vw, 2026px\" \/>\t\t\t\t\t\t\t<\/div>\n\t\t<svg class=\"qodef-svg--image-mask\" xmlns=\"http:\/\/www.w3.org\/2000\/svg\"\n     xmlns:xlink=\"http:\/\/www.w3.org\/1999\/xlink\" width=\"0\" height=\"0\" viewbox=\"0 0 640.4 531.5\"\n     preserveaspectratio=\"none\"><clippath\n\t\t\tid=\"qodef-image-mask-574\"\n\t\t\tclippathunits=\"objectBoundingBox\" transform=\"scale(0.00156, 0.00188)\"><path d=\"M600.8,299.5c-6.3,8.6-13.2,16.7-20.7,24.3c-7.3,7.5-15,14.4-23.2,20.8\tc-6.4,4.8-13.1,9.2-20.1,13.2c-10.5,6.1-21.5,11.4-32.8,15.9c-35.1,15-72.6,18.8-110.9,22.9c-18.6,2.1-36.9,7.6-50.9,20.3\tc-10.8,10.7-20.3,22.6-28.2,35.5c-8.1,12.8-15.1,26.6-22.2,40.8c-4.4,8.1-10.7,14.4-17.9,19.6c-2.9,2.2-6,4.2-9.1,5.9\tc-3.2,1.7-6.5,3.3-9.9,4.9c-39.6,18.7-90,3.5-106.5-38.2c-10.4-26.4-18-53.3-40.3-71.4C68.1,381.6,11.8,356.6,2.1,300.8\tc-1.8-10.4-2.4-21-2-31.5c1.1-27.5,8.6-54.4,22-78.4c7-11.5,14.5-22.6,22.6-33.4c22.4-31.8,43.7-63.2,73.7-89.7\tc14.3-12.1,29.2-23.4,44.8-33.8c11.4-7.2,21.7-13.8,33.8-18.6C249.4-9.7,308,4.8,354.6,39.6c35.5,26.9,70.6,51.7,114.2,58.2\tc6.9,1.6,15,3.7,24.1,6.2c24.7,5.2,49.2,6.6,74.7,11c16.9,3.1,32.7,7.6,45.5,19C664,178.1,634.4,253.9,600.8,299.5z M389.3,441.6\tc-6.8-10.3-21.3-13.6-32.3-8.1c-6.2,3.2-11.7,7.6-16.1,12.9c-1.3,1.8-2.7,3.9-4,5.8c-1.9,3-3.4,6.3-4.3,9.8\tc-0.5,2.8-0.6,5.6-0.3,8.4c0.3,1.4,0.8,2.7,1.4,3.9c10.2,15.9,32.8,12.4,46.7,3.5c2.1-1.4,4.1-3.1,5.7-5c1.2-1.3,2.2-3,3.4-4.3\tc1.2-2.1,2.2-4.3,2.9-6.6c0.4-1.5,0.5-2.9,0.9-4.4c0.2-2.2,0.1-4.4-0.3-6.5C392.4,447.6,391.2,444.4,389.3,441.6z M482.8,72\tc6.7-1,13.1-3.5,18.7-7.4c2.9-2.5,4.9-5.4,7.2-7.8c2.9-3.8,5-8.2,6-12.9c6.9-27.9-23.5-46.5-48.6-43.6c-6.4,1-12.8,1.5-19.1,2.9\tc-4.9,1.5-9.3,2.9-13.3,5.9c-3.4,2.9-6.4,5.4-8.8,9.3c-0.7,1.6-1.4,3.2-2,4.9C419.5,55.3,453.9,75.4,482.8,72L482.8,72z\t M415.7,423.9c-1.3,0.6-2.5,1.4-3.5,2.4c-0.7,0.6-1.4,1.5-2.1,2.1c-0.8,1.1-1.5,2.2-2,3.4c-0.3,0.8-0.5,1.5-0.8,2.4\tc-0.3,1.2-0.4,2.4-0.3,3.6c0.1,1.9,0.5,3.7,1.4,5.4c3,6.1,10.7,9,17.2,6.7c3.6-1.3,6.9-3.3,9.7-6c0.9-0.9,1.8-2,2.6-2.9\tc1.3-1.5,2.3-3.3,3-5.1c0.5-1.5,0.7-3,0.8-4.6c-0.1-0.8-0.2-1.5-0.5-2.3C436.6,419.7,424,420,415.7,423.9L415.7,423.9z\"\/><\/clippath><\/svg><\/div>\n\t\t\t\t<\/div>\n\t\t\t\t<\/div>\n\t\t\t\t<\/div>\n\t\t<div class=\"elementor-element elementor-element-4b6e4aa e-con-full e-flex qodef-container-heights--disabled e-con e-child\" data-id=\"4b6e4aa\" data-element_type=\"container\" data-e-type=\"container\">\n\t\t\t\t<div class=\"elementor-element elementor-element-caa2055 o-mnie elementor-widget elementor-widget-wanderaway_core_section_title\" data-id=\"caa2055\" data-element_type=\"widget\" data-e-type=\"widget\" data-widget_type=\"wanderaway_core_section_title.default\">\n\t\t\t\t<div class=\"elementor-widget-container\">\n\t\t\t\t\t<div class=\"qodef-shortcode qodef-m  qodef-section-title qodef-alignment--left\">\n\t\t<h2 class=\"qodef-m-title\" >\n\t\t\t\t\tLet's get to know each other!\t\t\t<\/h2>\n\t<\/div>\n\t\t\t\t<\/div>\n\t\t\t\t<\/div>\n\t\t\t\t<div class=\"elementor-element elementor-element-83a6ef0 elementor-widget elementor-widget-text-editor\" data-id=\"83a6ef0\" data-element_type=\"widget\" data-e-type=\"widget\" data-widget_type=\"text-editor.default\">\n\t\t\t\t<div class=\"elementor-widget-container\">\n\t\t\t\t\t\t\t\t\t<p>Hi, my name is Roxana and I create this blog to share travel stories, tips and stories about Italy. Personally, I love writing, traveling and photography.<\/p><p><span style=\"font-size: 17px;\">The blog was created for one specific reason - <\/span>I love to write.<span style=\"font-size: 17px;\"> (Un)stethically I am currently professionally engaged in something completely different, but after several years of driving this thought away from me, I realized that, however, writing and creating content gives me great pleasure. And I gave myself the space for it right here.<\/span><\/p><p>Therefore, the blog. This form has become the most natural for me.\u00a0<\/p><p>What am I writing about? <b>About travel, about Italy, about good food and inspiring places.\u00a0<\/b><\/p>\t\t\t\t\t\t\t\t<\/div>\n\t\t\t\t<\/div>\n\t\t\t\t<div class=\"elementor-element elementor-element-aaa9cd3 elementor-widget elementor-widget-wanderaway_core_section_title\" data-id=\"aaa9cd3\" data-element_type=\"widget\" data-e-type=\"widget\" data-widget_type=\"wanderaway_core_section_title.default\">\n\t\t\t\t<div class=\"elementor-widget-container\">\n\t\t\t\t\t<div class=\"qodef-shortcode qodef-m  qodef-section-title qodef-alignment--left\">\n\t\t<h3 class=\"qodef-m-title\" >\n\t\t\t\t\tYou can find me on:\t\t\t<\/h3>\n\t<\/div>\n\t\t\t\t<\/div>\n\t\t\t\t<\/div>\n\t\t\t\t<div class=\"elementor-element elementor-element-d5d95f7 elementor-widget__width-initial elementor-widget-mobile__width-initial elementor-widget elementor-widget-html\" data-id=\"d5d95f7\" data-element_type=\"widget\" data-e-type=\"widget\" data-widget_type=\"html.default\">\n\t\t\t\t<div class=\"elementor-widget-container\">\n\t\t\t\t\t<div class=\"qodef-icons-with-text-group qodef-e qodef-layout--square\">\n\t\t\t\t\t<div class=\"qodef-e-icon-holder\">\n\t\t\t\t\t\t\t\t\t\t\t<a href=\"https:\/\/www.instagram.com\/travelandeatpasta\/\" target=\"_blank\"><\/a>\n\t\t\t\t\t\t\t\t\t\t<div class=\"qodef-e-icon\">\n\t\t\t\t\t\t<svg xmlns=\"http:\/\/www.w3.org\/2000\/svg\" width=\"18.5\" height=\"18.5\" viewbox=\"0 0 18.5 18.5\"><g transform=\"translate(-0.25 -0.25)\"><rect width=\"17\" height=\"17\" rx=\"2.5\" transform=\"translate(1 1)\" fill=\"none\" stroke=\"#385b21\" stroke-width=\"1.5\"><\/rect><path d=\"M10.785,6.88A3.4,3.4,0,1,1,7.921,4.015,3.4,3.4,0,0,1,10.785,6.88Z\" transform=\"translate(2.115 2.085)\" fill=\"none\" stroke=\"#385b21\" stroke-width=\"1.5\"><\/path><line x2=\"0.008\" transform=\"translate(14.175 4.825)\" stroke=\"#385b21\" stroke-width=\"1.5\"><\/line><\/g><\/svg>\t\t\t\t\t<\/div>\n\t\t\t\t\t\t\t\t\t\t\t<p class=\"qodef-e-title\">\n\t\t\t\t\t\t\tINSTAGRAM\t\t\t\t\t\t<\/p>\n\t\t\t\t\t\t\t\t\t<\/div>\n\t\t\t\t\t\t\t\t\t<div class=\"qodef-e-icon-holder\">\n\t\t\t\t\t\t\t\t\t\t\t<a href=\"https:\/\/pl.pinterest.com\/roksanatravelandeatpasta\/\" target=\"_blank\"><\/a>\n\t\t\t\t\t\t\t\t\t\t<div class=\"qodef-e-icon\">\n\t\t\t\t\t\t<svg xmlns=\"http:\/\/www.w3.org\/2000\/svg\" width=\"15.577\" height=\"20.002\" viewbox=\"0 0 15.577 20.002\">\n  <path d=\"M5.039,11.813a2.125,2.125,0,0,0,.352-1.074,1.4,1.4,0,0,0-.176-.762Q5.039,9.7,4.8,9.293a2.023,2.023,0,0,1-.273-.8A5.115,5.115,0,0,1,4.844,5.7,5.054,5.054,0,0,1,6.465,3.531a8.073,8.073,0,0,1,2.363-1.25,4.937,4.937,0,0,1,5.039,1.211,4.371,4.371,0,0,1,1.055,2.6,8.665,8.665,0,0,1-.215,3.242,5.567,5.567,0,0,1-1.484,2.6,2.594,2.594,0,0,1-2.441.781,1.445,1.445,0,0,1-1.25-.977,3.069,3.069,0,0,1,.078-1.8q.312-1.016.664-2.051a4.671,4.671,0,0,0,.273-1.914,1.309,1.309,0,0,0-.9-1.191A1.77,1.77,0,0,0,8.066,4.9a2.508,2.508,0,0,0-1.055,1.23,4.651,4.651,0,0,0-.332,1.8A3.681,3.681,0,0,0,7.07,9.664q-.156.781-.469,1.953t-.527,1.992q-.215.82-.43,2.07a13.129,13.129,0,0,0-.215,2.188q0,.938.117,2.383A5.652,5.652,0,0,0,7.48,17.672a25.177,25.177,0,0,0,1.152-4.18,5.356,5.356,0,0,1,.625.391q.391.273.625.41a3.894,3.894,0,0,0,.605.273,3.125,3.125,0,0,0,.8.176,5.01,5.01,0,0,0,3.77-1.133,7.081,7.081,0,0,0,2.285-3.437A9.892,9.892,0,0,0,17.7,5.8a5.761,5.761,0,0,0-2.91-4.355A8.946,8.946,0,0,0,8.984.328,7.778,7.778,0,0,0,4.336,2.535,6.482,6.482,0,0,0,2.227,7.2Q2.07,11.148,5.039,11.813Z\" transform=\"translate(-2.219 -0.248)\" fill=\"#385b21\"><\/path>\n<\/svg>\t\t\t\t\t<\/div>\n\t\t\t\t\t\t\t\t\t\t\t<p class=\"qodef-e-title\">\n\t\t\t\t\t\t\tPinterest\t\t\t\t\t\t<\/p>\n\t\t\t\t\t\t\t\t\t<\/div>\n\t\t\t\t\t\t\t\t\t<div class=\"qodef-e-icon-holder\">\n\t\t\t\t\t\t\t\t\t\t\t<a href=\"https:\/\/www.tiktok.com\/@travel_and_eat_pasta\" target=\"_blank\"><\/a>\n\t\t\t\t\t\t\t\t\t\t<div class=\"qodef-e-icon\">\n\t\t\t\t\t\t<svg xmlns=\"http:\/\/www.w3.org\/2000\/svg\" version=\"1.1\" width=\"15\" height=\"20\" x=\"0\" y=\"0\" viewbox=\"0 0 24 24\" class=\"\"><g><path d=\"M22.465 9.866a9.809 9.809 0 0 1-5.74-1.846v8.385c0 4.188-3.407 7.594-7.594 7.594a7.548 7.548 0 0 1-4.352-1.376 7.59 7.59 0 0 1-3.242-6.218c0-4.188 3.407-7.595 7.595-7.595.348 0 .688.029 1.023.074v4.212a3.426 3.426 0 0 0-1.023-.16 3.472 3.472 0 0 0-3.468 3.469 3.47 3.47 0 0 0 3.469 3.468 3.47 3.47 0 0 0 3.462-3.338L12.598 0h4.126a5.752 5.752 0 0 0 5.74 5.741v4.125z\" fill=\"#385b21\"><\/path><\/g><\/svg>\t\t\t\t\t<\/div>\n\t\t\t\t\t\t\t\t\t\t\t<p class=\"qodef-e-title\">\n\t\t\t\t\t\t\tTIKTOK\t\t\t\t\t\t<\/p>\n\t\t\t\t\t\t\t\t\t<\/div>\n\t\t\t\t\t\t<\/div>\t\t\t\t<\/div>\n\t\t\t\t<\/div>\n\t\t\t\t<\/div>\n\t\t\t\t\t<\/div>\n\t\t\t\t<\/div>\n\t\t\t\t<\/div>","protected":false},"excerpt":{"rendered":"<p>Poznajmy si\u0119! Cze\u015b\u0107, mam na imi\u0119 Roksana i tworz\u0119 tego bloga, aby dzieli\u0107 si\u0119 opowie\u015bciami z podr\u00f3\u017cy, wskaz\u00f3wkami i historiami na temat W\u0142och. Osobi\u015bcie uwielbiam pisanie, podr\u00f3\u017cowanie i fotografi\u0119. Blog powsta\u0142 z jednego konkretnego powodu &#8211; kocham pisa\u0107. (Nie)stety aktualnie zawodowo zajmuj\u0119 si\u0119 czym\u015b zupe\u0142nie innym, ale po kilku latach odp\u0119dzania od siebie tej my\u015bli [&hellip;]<\/p>\n","protected":false},"author":1,"featured_media":0,"parent":0,"menu_order":0,"comment_status":"closed","ping_status":"closed","template":"page-full-width.php","meta":{"footnotes":""},"class_list":["post-2228","page","type-page","status-publish","hentry"],"yoast_head":"<!-- This site is optimized with the Yoast SEO plugin v26.8 - https:\/\/yoast.com\/product\/yoast-seo-wordpress\/ -->\n<title>O mnie - Travel and Eat Pasta<\/title>\n<meta name=\"robots\" content=\"index, follow, max-snippet:-1, max-image-preview:large, max-video-preview:-1\" \/>\n<link rel=\"canonical\" href=\"https:\/\/travelandeatpasta.com\/en\/o-mnie\/\" \/>\n<meta property=\"og:locale\" content=\"en_US\" \/>\n<meta property=\"og:type\" content=\"article\" \/>\n<meta property=\"og:title\" content=\"O mnie - Travel and Eat Pasta\" \/>\n<meta property=\"og:description\" content=\"Poznajmy si\u0119! Cze\u015b\u0107, mam na imi\u0119 Roksana i tworz\u0119 tego bloga, aby dzieli\u0107 si\u0119 opowie\u015bciami z podr\u00f3\u017cy, wskaz\u00f3wkami i historiami na temat W\u0142och. Osobi\u015bcie uwielbiam pisanie, podr\u00f3\u017cowanie i fotografi\u0119. Blog powsta\u0142 z jednego konkretnego powodu &#8211; kocham pisa\u0107. (Nie)stety aktualnie zawodowo zajmuj\u0119 si\u0119 czym\u015b zupe\u0142nie innym, ale po kilku latach odp\u0119dzania od siebie tej my\u015bli [&hellip;]\" \/>\n<meta property=\"og:url\" content=\"https:\/\/travelandeatpasta.com\/en\/o-mnie\/\" \/>\n<meta property=\"og:site_name\" content=\"Travel and Eat Pasta\" \/>\n<meta property=\"article:modified_time\" content=\"2024-08-19T18:37:57+00:00\" \/>\n<meta property=\"og:image\" content=\"https:\/\/travelandeatpasta.com\/wp-content\/uploads\/2023\/06\/353052090_6419812794731207_6296041118025793902_n.jpg\" \/>\n<meta name=\"twitter:card\" content=\"summary_large_image\" \/>\n<meta name=\"twitter:label1\" content=\"Est. reading time\" \/>\n\t<meta name=\"twitter:data1\" content=\"1 minute\" \/>\n<script type=\"application\/ld+json\" class=\"yoast-schema-graph\">{\"@context\":\"https:\/\/schema.org\",\"@graph\":[{\"@type\":\"WebPage\",\"@id\":\"https:\/\/travelandeatpasta.com\/o-mnie\/\",\"url\":\"https:\/\/travelandeatpasta.com\/o-mnie\/\",\"name\":\"O mnie - Travel and Eat Pasta\",\"isPartOf\":{\"@id\":\"https:\/\/travelandeatpasta.com\/#website\"},\"primaryImageOfPage\":{\"@id\":\"https:\/\/travelandeatpasta.com\/o-mnie\/#primaryimage\"},\"image\":{\"@id\":\"https:\/\/travelandeatpasta.com\/o-mnie\/#primaryimage\"},\"thumbnailUrl\":\"https:\/\/travelandeatpasta.com\/wp-content\/uploads\/2023\/06\/353052090_6419812794731207_6296041118025793902_n.jpg\",\"datePublished\":\"2024-01-29T21:44:48+00:00\",\"dateModified\":\"2024-08-19T18:37:57+00:00\",\"breadcrumb\":{\"@id\":\"https:\/\/travelandeatpasta.com\/o-mnie\/#breadcrumb\"},\"inLanguage\":\"en-US\",\"potentialAction\":[{\"@type\":\"ReadAction\",\"target\":[\"https:\/\/travelandeatpasta.com\/o-mnie\/\"]}]},{\"@type\":\"ImageObject\",\"inLanguage\":\"en-US\",\"@id\":\"https:\/\/travelandeatpasta.com\/o-mnie\/#primaryimage\",\"url\":\"https:\/\/travelandeatpasta.com\/wp-content\/uploads\/2023\/06\/353052090_6419812794731207_6296041118025793902_n.jpg\",\"contentUrl\":\"https:\/\/travelandeatpasta.com\/wp-content\/uploads\/2023\/06\/353052090_6419812794731207_6296041118025793902_n.jpg\"},{\"@type\":\"BreadcrumbList\",\"@id\":\"https:\/\/travelandeatpasta.com\/o-mnie\/#breadcrumb\",\"itemListElement\":[{\"@type\":\"ListItem\",\"position\":1,\"name\":\"Strona g\u0142\u00f3wna\",\"item\":\"https:\/\/travelandeatpasta.com\/\"},{\"@type\":\"ListItem\",\"position\":2,\"name\":\"O mnie\"}]},{\"@type\":\"WebSite\",\"@id\":\"https:\/\/travelandeatpasta.com\/#website\",\"url\":\"https:\/\/travelandeatpasta.com\/\",\"name\":\"Travel and Eat Pasta - blog o podr\u00f3\u017cach po Europie, W\u0142ochach i najlepszych restauracjach\",\"description\":\"Blog o W\u0142oszech i podr\u00f3\u017cach po Europie i \u015bwiecie\",\"publisher\":{\"@id\":\"https:\/\/travelandeatpasta.com\/#\/schema\/person\/dfb3e875ac8bd2f4247599904ab790b6\"},\"potentialAction\":[{\"@type\":\"SearchAction\",\"target\":{\"@type\":\"EntryPoint\",\"urlTemplate\":\"https:\/\/travelandeatpasta.com\/?s={search_term_string}\"},\"query-input\":{\"@type\":\"PropertyValueSpecification\",\"valueRequired\":true,\"valueName\":\"search_term_string\"}}],\"inLanguage\":\"en-US\"},{\"@type\":[\"Person\",\"Organization\"],\"@id\":\"https:\/\/travelandeatpasta.com\/#\/schema\/person\/dfb3e875ac8bd2f4247599904ab790b6\",\"name\":\"travelandeatpasta.com\",\"image\":{\"@type\":\"ImageObject\",\"inLanguage\":\"en-US\",\"@id\":\"https:\/\/travelandeatpasta.com\/#\/schema\/person\/image\/\",\"url\":\"https:\/\/travelandeatpasta.com\/wp-content\/uploads\/2023\/11\/26eedf1b-81f1-46d2-806d-5c541849c820-1.png\",\"contentUrl\":\"https:\/\/travelandeatpasta.com\/wp-content\/uploads\/2023\/11\/26eedf1b-81f1-46d2-806d-5c541849c820-1.png\",\"width\":500,\"height\":500,\"caption\":\"travelandeatpasta.com\"},\"logo\":{\"@id\":\"https:\/\/travelandeatpasta.com\/#\/schema\/person\/image\/\"},\"description\":\"Hi, thank you for visiting me! Travel and Eat Pasta is a blog that was created to inspire and share places that I've visited. I love travelling, photography and creating content. In private, I split my life between Poland and Italy, so you will find a lot of inspiration from these two countries here!\",\"sameAs\":[\"http:\/\/travelandeatpasta.com\",\"https:\/\/www.instagram.com\/travelandeatpasta\/\"]}]}<\/script>\n<!-- \/ Yoast SEO plugin. -->","yoast_head_json":{"title":"O mnie - Travel and Eat Pasta","robots":{"index":"index","follow":"follow","max-snippet":"max-snippet:-1","max-image-preview":"max-image-preview:large","max-video-preview":"max-video-preview:-1"},"canonical":"https:\/\/travelandeatpasta.com\/en\/o-mnie\/","og_locale":"en_US","og_type":"article","og_title":"O mnie - Travel and Eat Pasta","og_description":"Poznajmy si\u0119! Cze\u015b\u0107, mam na imi\u0119 Roksana i tworz\u0119 tego bloga, aby dzieli\u0107 si\u0119 opowie\u015bciami z podr\u00f3\u017cy, wskaz\u00f3wkami i historiami na temat W\u0142och. Osobi\u015bcie uwielbiam pisanie, podr\u00f3\u017cowanie i fotografi\u0119. Blog powsta\u0142 z jednego konkretnego powodu &#8211; kocham pisa\u0107. (Nie)stety aktualnie zawodowo zajmuj\u0119 si\u0119 czym\u015b zupe\u0142nie innym, ale po kilku latach odp\u0119dzania od siebie tej my\u015bli [&hellip;]","og_url":"https:\/\/travelandeatpasta.com\/en\/o-mnie\/","og_site_name":"Travel and Eat Pasta","article_modified_time":"2024-08-19T18:37:57+00:00","og_image":[{"url":"https:\/\/travelandeatpasta.com\/wp-content\/uploads\/2023\/06\/353052090_6419812794731207_6296041118025793902_n.jpg","type":"","width":"","height":""}],"twitter_card":"summary_large_image","twitter_misc":{"Est. reading time":"1 minute"},"schema":{"@context":"https:\/\/schema.org","@graph":[{"@type":"WebPage","@id":"https:\/\/travelandeatpasta.com\/o-mnie\/","url":"https:\/\/travelandeatpasta.com\/o-mnie\/","name":"O mnie - Travel and Eat Pasta","isPartOf":{"@id":"https:\/\/travelandeatpasta.com\/#website"},"primaryImageOfPage":{"@id":"https:\/\/travelandeatpasta.com\/o-mnie\/#primaryimage"},"image":{"@id":"https:\/\/travelandeatpasta.com\/o-mnie\/#primaryimage"},"thumbnailUrl":"https:\/\/travelandeatpasta.com\/wp-content\/uploads\/2023\/06\/353052090_6419812794731207_6296041118025793902_n.jpg","datePublished":"2024-01-29T21:44:48+00:00","dateModified":"2024-08-19T18:37:57+00:00","breadcrumb":{"@id":"https:\/\/travelandeatpasta.com\/o-mnie\/#breadcrumb"},"inLanguage":"en-US","potentialAction":[{"@type":"ReadAction","target":["https:\/\/travelandeatpasta.com\/o-mnie\/"]}]},{"@type":"ImageObject","inLanguage":"en-US","@id":"https:\/\/travelandeatpasta.com\/o-mnie\/#primaryimage","url":"https:\/\/travelandeatpasta.com\/wp-content\/uploads\/2023\/06\/353052090_6419812794731207_6296041118025793902_n.jpg","contentUrl":"https:\/\/travelandeatpasta.com\/wp-content\/uploads\/2023\/06\/353052090_6419812794731207_6296041118025793902_n.jpg"},{"@type":"BreadcrumbList","@id":"https:\/\/travelandeatpasta.com\/o-mnie\/#breadcrumb","itemListElement":[{"@type":"ListItem","position":1,"name":"Strona g\u0142\u00f3wna","item":"https:\/\/travelandeatpasta.com\/"},{"@type":"ListItem","position":2,"name":"O mnie"}]},{"@type":"WebSite","@id":"https:\/\/travelandeatpasta.com\/#website","url":"https:\/\/travelandeatpasta.com\/","name":"Travel and Eat Pasta - blog o podr\u00f3\u017cach po Europie, W\u0142ochach i najlepszych restauracjach","description":"Blog o W\u0142oszech i podr\u00f3\u017cach po Europie i \u015bwiecie","publisher":{"@id":"https:\/\/travelandeatpasta.com\/#\/schema\/person\/dfb3e875ac8bd2f4247599904ab790b6"},"potentialAction":[{"@type":"SearchAction","target":{"@type":"EntryPoint","urlTemplate":"https:\/\/travelandeatpasta.com\/?s={search_term_string}"},"query-input":{"@type":"PropertyValueSpecification","valueRequired":true,"valueName":"search_term_string"}}],"inLanguage":"en-US"},{"@type":["Person","Organization"],"@id":"https:\/\/travelandeatpasta.com\/#\/schema\/person\/dfb3e875ac8bd2f4247599904ab790b6","name":"travelandeatpasta.com","image":{"@type":"ImageObject","inLanguage":"en-US","@id":"https:\/\/travelandeatpasta.com\/#\/schema\/person\/image\/","url":"https:\/\/travelandeatpasta.com\/wp-content\/uploads\/2023\/11\/26eedf1b-81f1-46d2-806d-5c541849c820-1.png","contentUrl":"https:\/\/travelandeatpasta.com\/wp-content\/uploads\/2023\/11\/26eedf1b-81f1-46d2-806d-5c541849c820-1.png","width":500,"height":500,"caption":"travelandeatpasta.com"},"logo":{"@id":"https:\/\/travelandeatpasta.com\/#\/schema\/person\/image\/"},"description":"Hi, thank you for visiting me! Travel and Eat Pasta is a blog that was created to inspire and share places that I've visited. I love travelling, photography and creating content. In private, I split my life between Poland and Italy, so you will find a lot of inspiration from these two countries here!","sameAs":["http:\/\/travelandeatpasta.com","https:\/\/www.instagram.com\/travelandeatpasta\/"]}]}},"_links":{"self":[{"href":"https:\/\/travelandeatpasta.com\/en\/wp-json\/wp\/v2\/pages\/2228","targetHints":{"allow":["GET"]}}],"collection":[{"href":"https:\/\/travelandeatpasta.com\/en\/wp-json\/wp\/v2\/pages"}],"about":[{"href":"https:\/\/travelandeatpasta.com\/en\/wp-json\/wp\/v2\/types\/page"}],"author":[{"embeddable":true,"href":"https:\/\/travelandeatpasta.com\/en\/wp-json\/wp\/v2\/users\/1"}],"replies":[{"embeddable":true,"href":"https:\/\/travelandeatpasta.com\/en\/wp-json\/wp\/v2\/comments?post=2228"}],"version-history":[{"count":31,"href":"https:\/\/travelandeatpasta.com\/en\/wp-json\/wp\/v2\/pages\/2228\/revisions"}],"predecessor-version":[{"id":10826,"href":"https:\/\/travelandeatpasta.com\/en\/wp-json\/wp\/v2\/pages\/2228\/revisions\/10826"}],"wp:attachment":[{"href":"https:\/\/travelandeatpasta.com\/en\/wp-json\/wp\/v2\/media?parent=2228"}],"curies":[{"name":"wp","href":"https:\/\/api.w.org\/{rel}","templated":true}]}}