{"id":5130,"date":"2024-11-14T17:07:52","date_gmt":"2024-11-14T16:07:52","guid":{"rendered":"https:\/\/travelandeatpasta.com\/?page_id=5130"},"modified":"2024-11-14T17:09:28","modified_gmt":"2024-11-14T16:09:28","slug":"wspolpraca","status":"publish","type":"page","link":"https:\/\/travelandeatpasta.com\/en\/wspolpraca\/","title":{"rendered":"Collaboration"},"content":{"rendered":"<div data-elementor-type=\"wp-page\" data-elementor-id=\"5130\" class=\"elementor elementor-5130\" data-elementor-post-type=\"page\">\n\t\t\t\t<div class=\"elementor-element elementor-element-0425b6b e-flex e-con-boxed qodef-container-heights--disabled e-con e-parent\" data-id=\"0425b6b\" data-element_type=\"container\" data-e-type=\"container\">\n\t\t\t\t\t<div class=\"e-con-inner\">\n\t\t\t\t<div class=\"elementor-element elementor-element-8a437e9 elementor-widget elementor-widget-text-editor\" data-id=\"8a437e9\" data-element_type=\"widget\" data-e-type=\"widget\" data-widget_type=\"text-editor.default\">\n\t\t\t\t<div class=\"elementor-widget-container\">\n\t\t\t\t\t\t\t\t\t<p>Tutaj b\u0119dzie tre\u015b\u0107 podstrony, kt\u00f3r\u0105 pode\u015blesz.<\/p>\t\t\t\t\t\t\t\t<\/div>\n\t\t\t\t<\/div>\n\t\t\t\t\t<\/div>\n\t\t\t\t<\/div>\n\t\t\t\t<\/div>","protected":false},"excerpt":{"rendered":"<p>Tutaj b\u0119dzie tre\u015b\u0107 podstrony, kt\u00f3r\u0105 pode\u015blesz.<\/p>","protected":false},"author":1,"featured_media":0,"parent":0,"menu_order":0,"comment_status":"closed","ping_status":"closed","template":"","meta":{"footnotes":""},"class_list":["post-5130","page","type-page","status-publish","hentry"],"yoast_head":"<!-- This site is optimized with the Yoast SEO plugin v26.8 - https:\/\/yoast.com\/product\/yoast-seo-wordpress\/ -->\n<title>Wsp\u00f3\u0142praca - Travel and Eat Pasta<\/title>\n<meta name=\"robots\" content=\"index, follow, max-snippet:-1, max-image-preview:large, max-video-preview:-1\" \/>\n<link rel=\"canonical\" href=\"https:\/\/travelandeatpasta.com\/en\/wspolpraca\/\" \/>\n<meta property=\"og:locale\" content=\"en_US\" \/>\n<meta property=\"og:type\" content=\"article\" \/>\n<meta property=\"og:title\" content=\"Wsp\u00f3\u0142praca - Travel and Eat Pasta\" \/>\n<meta property=\"og:description\" content=\"Tutaj b\u0119dzie tre\u015b\u0107 podstrony, kt\u00f3r\u0105 pode\u015blesz.\" \/>\n<meta property=\"og:url\" content=\"https:\/\/travelandeatpasta.com\/en\/wspolpraca\/\" \/>\n<meta property=\"og:site_name\" content=\"Travel and Eat Pasta\" \/>\n<meta property=\"article:modified_time\" content=\"2024-11-14T16:09:28+00:00\" \/>\n<meta name=\"twitter:card\" content=\"summary_large_image\" \/>\n<meta name=\"twitter:label1\" content=\"Est. reading time\" \/>\n\t<meta name=\"twitter:data1\" content=\"1 minute\" \/>\n<script type=\"application\/ld+json\" class=\"yoast-schema-graph\">{\"@context\":\"https:\/\/schema.org\",\"@graph\":[{\"@type\":\"WebPage\",\"@id\":\"https:\/\/travelandeatpasta.com\/wspolpraca\/\",\"url\":\"https:\/\/travelandeatpasta.com\/wspolpraca\/\",\"name\":\"Wsp\u00f3\u0142praca - Travel and Eat Pasta\",\"isPartOf\":{\"@id\":\"https:\/\/travelandeatpasta.com\/#website\"},\"datePublished\":\"2024-11-14T16:07:52+00:00\",\"dateModified\":\"2024-11-14T16:09:28+00:00\",\"breadcrumb\":{\"@id\":\"https:\/\/travelandeatpasta.com\/wspolpraca\/#breadcrumb\"},\"inLanguage\":\"en-US\",\"potentialAction\":[{\"@type\":\"ReadAction\",\"target\":[\"https:\/\/travelandeatpasta.com\/wspolpraca\/\"]}]},{\"@type\":\"BreadcrumbList\",\"@id\":\"https:\/\/travelandeatpasta.com\/wspolpraca\/#breadcrumb\",\"itemListElement\":[{\"@type\":\"ListItem\",\"position\":1,\"name\":\"Strona g\u0142\u00f3wna\",\"item\":\"https:\/\/travelandeatpasta.com\/\"},{\"@type\":\"ListItem\",\"position\":2,\"name\":\"Wsp\u00f3\u0142praca\"}]},{\"@type\":\"WebSite\",\"@id\":\"https:\/\/travelandeatpasta.com\/#website\",\"url\":\"https:\/\/travelandeatpasta.com\/\",\"name\":\"Travel and Eat Pasta - blog o podr\u00f3\u017cach po Europie, W\u0142ochach i najlepszych restauracjach\",\"description\":\"Blog o W\u0142oszech i podr\u00f3\u017cach po Europie i \u015bwiecie\",\"publisher\":{\"@id\":\"https:\/\/travelandeatpasta.com\/#\/schema\/person\/dfb3e875ac8bd2f4247599904ab790b6\"},\"potentialAction\":[{\"@type\":\"SearchAction\",\"target\":{\"@type\":\"EntryPoint\",\"urlTemplate\":\"https:\/\/travelandeatpasta.com\/?s={search_term_string}\"},\"query-input\":{\"@type\":\"PropertyValueSpecification\",\"valueRequired\":true,\"valueName\":\"search_term_string\"}}],\"inLanguage\":\"en-US\"},{\"@type\":[\"Person\",\"Organization\"],\"@id\":\"https:\/\/travelandeatpasta.com\/#\/schema\/person\/dfb3e875ac8bd2f4247599904ab790b6\",\"name\":\"travelandeatpasta.com\",\"image\":{\"@type\":\"ImageObject\",\"inLanguage\":\"en-US\",\"@id\":\"https:\/\/travelandeatpasta.com\/#\/schema\/person\/image\/\",\"url\":\"https:\/\/travelandeatpasta.com\/wp-content\/uploads\/2023\/11\/26eedf1b-81f1-46d2-806d-5c541849c820-1.png\",\"contentUrl\":\"https:\/\/travelandeatpasta.com\/wp-content\/uploads\/2023\/11\/26eedf1b-81f1-46d2-806d-5c541849c820-1.png\",\"width\":500,\"height\":500,\"caption\":\"travelandeatpasta.com\"},\"logo\":{\"@id\":\"https:\/\/travelandeatpasta.com\/#\/schema\/person\/image\/\"},\"description\":\"Hi, thank you for visiting me! Travel and Eat Pasta is a blog that was created to inspire and share places that I've visited. I love travelling, photography and creating content. In private, I split my life between Poland and Italy, so you will find a lot of inspiration from these two countries here!\",\"sameAs\":[\"http:\/\/travelandeatpasta.com\",\"https:\/\/www.instagram.com\/travelandeatpasta\/\"]}]}<\/script>\n<!-- \/ Yoast SEO plugin. -->","yoast_head_json":{"title":"Wsp\u00f3\u0142praca - Travel and Eat Pasta","robots":{"index":"index","follow":"follow","max-snippet":"max-snippet:-1","max-image-preview":"max-image-preview:large","max-video-preview":"max-video-preview:-1"},"canonical":"https:\/\/travelandeatpasta.com\/en\/wspolpraca\/","og_locale":"en_US","og_type":"article","og_title":"Wsp\u00f3\u0142praca - Travel and Eat Pasta","og_description":"Tutaj b\u0119dzie tre\u015b\u0107 podstrony, kt\u00f3r\u0105 pode\u015blesz.","og_url":"https:\/\/travelandeatpasta.com\/en\/wspolpraca\/","og_site_name":"Travel and Eat Pasta","article_modified_time":"2024-11-14T16:09:28+00:00","twitter_card":"summary_large_image","twitter_misc":{"Est. reading time":"1 minute"},"schema":{"@context":"https:\/\/schema.org","@graph":[{"@type":"WebPage","@id":"https:\/\/travelandeatpasta.com\/wspolpraca\/","url":"https:\/\/travelandeatpasta.com\/wspolpraca\/","name":"Wsp\u00f3\u0142praca - Travel and Eat Pasta","isPartOf":{"@id":"https:\/\/travelandeatpasta.com\/#website"},"datePublished":"2024-11-14T16:07:52+00:00","dateModified":"2024-11-14T16:09:28+00:00","breadcrumb":{"@id":"https:\/\/travelandeatpasta.com\/wspolpraca\/#breadcrumb"},"inLanguage":"en-US","potentialAction":[{"@type":"ReadAction","target":["https:\/\/travelandeatpasta.com\/wspolpraca\/"]}]},{"@type":"BreadcrumbList","@id":"https:\/\/travelandeatpasta.com\/wspolpraca\/#breadcrumb","itemListElement":[{"@type":"ListItem","position":1,"name":"Strona g\u0142\u00f3wna","item":"https:\/\/travelandeatpasta.com\/"},{"@type":"ListItem","position":2,"name":"Wsp\u00f3\u0142praca"}]},{"@type":"WebSite","@id":"https:\/\/travelandeatpasta.com\/#website","url":"https:\/\/travelandeatpasta.com\/","name":"Travel and Eat Pasta - blog o podr\u00f3\u017cach po Europie, W\u0142ochach i najlepszych restauracjach","description":"Blog o W\u0142oszech i podr\u00f3\u017cach po Europie i \u015bwiecie","publisher":{"@id":"https:\/\/travelandeatpasta.com\/#\/schema\/person\/dfb3e875ac8bd2f4247599904ab790b6"},"potentialAction":[{"@type":"SearchAction","target":{"@type":"EntryPoint","urlTemplate":"https:\/\/travelandeatpasta.com\/?s={search_term_string}"},"query-input":{"@type":"PropertyValueSpecification","valueRequired":true,"valueName":"search_term_string"}}],"inLanguage":"en-US"},{"@type":["Person","Organization"],"@id":"https:\/\/travelandeatpasta.com\/#\/schema\/person\/dfb3e875ac8bd2f4247599904ab790b6","name":"travelandeatpasta.com","image":{"@type":"ImageObject","inLanguage":"en-US","@id":"https:\/\/travelandeatpasta.com\/#\/schema\/person\/image\/","url":"https:\/\/travelandeatpasta.com\/wp-content\/uploads\/2023\/11\/26eedf1b-81f1-46d2-806d-5c541849c820-1.png","contentUrl":"https:\/\/travelandeatpasta.com\/wp-content\/uploads\/2023\/11\/26eedf1b-81f1-46d2-806d-5c541849c820-1.png","width":500,"height":500,"caption":"travelandeatpasta.com"},"logo":{"@id":"https:\/\/travelandeatpasta.com\/#\/schema\/person\/image\/"},"description":"Hi, thank you for visiting me! Travel and Eat Pasta is a blog that was created to inspire and share places that I've visited. I love travelling, photography and creating content. In private, I split my life between Poland and Italy, so you will find a lot of inspiration from these two countries here!","sameAs":["http:\/\/travelandeatpasta.com","https:\/\/www.instagram.com\/travelandeatpasta\/"]}]}},"_links":{"self":[{"href":"https:\/\/travelandeatpasta.com\/en\/wp-json\/wp\/v2\/pages\/5130","targetHints":{"allow":["GET"]}}],"collection":[{"href":"https:\/\/travelandeatpasta.com\/en\/wp-json\/wp\/v2\/pages"}],"about":[{"href":"https:\/\/travelandeatpasta.com\/en\/wp-json\/wp\/v2\/types\/page"}],"author":[{"embeddable":true,"href":"https:\/\/travelandeatpasta.com\/en\/wp-json\/wp\/v2\/users\/1"}],"replies":[{"embeddable":true,"href":"https:\/\/travelandeatpasta.com\/en\/wp-json\/wp\/v2\/comments?post=5130"}],"version-history":[{"count":7,"href":"https:\/\/travelandeatpasta.com\/en\/wp-json\/wp\/v2\/pages\/5130\/revisions"}],"predecessor-version":[{"id":10958,"href":"https:\/\/travelandeatpasta.com\/en\/wp-json\/wp\/v2\/pages\/5130\/revisions\/10958"}],"wp:attachment":[{"href":"https:\/\/travelandeatpasta.com\/en\/wp-json\/wp\/v2\/media?parent=5130"}],"curies":[{"name":"wp","href":"https:\/\/api.w.org\/{rel}","templated":true}]}}