{"id":8186,"date":"2023-08-15T12:41:45","date_gmt":"2023-08-15T12:41:45","guid":{"rendered":"https:\/\/wanderaway.qodeinteractive.com\/?page_id=1648"},"modified":"2023-08-15T12:41:45","modified_gmt":"2023-08-15T12:41:45","slug":"dolomites","status":"publish","type":"page","link":"https:\/\/travelandeatpasta.com\/en\/dolomites\/","title":{"rendered":"Dolomites"},"content":{"rendered":"\t\t<div data-elementor-type=\"wp-page\" data-elementor-id=\"8186\" class=\"elementor elementor-8186\" data-elementor-post-type=\"page\">\n\t\t\t\t<div class=\"elementor-element elementor-element-c80bf51 e-con-full e-flex qodef-container-heights--disabled e-con e-parent\" data-id=\"c80bf51\" data-element_type=\"container\" data-e-type=\"container\">\n\t\t<div class=\"elementor-element elementor-element-ea55839 e-con-full e-flex qodef-container-heights--disabled e-con e-child\" data-id=\"ea55839\" data-element_type=\"container\" data-e-type=\"container\">\n\t\t\t\t<div class=\"elementor-element elementor-element-def11f5 elementor-widget elementor-widget-wanderaway_core_single_image\" data-id=\"def11f5\" data-element_type=\"widget\" data-e-type=\"widget\" data-widget_type=\"wanderaway_core_single_image.default\">\n\t\t\t\t<div class=\"elementor-widget-container\">\n\t\t\t\t\t<div class=\"qodef-shortcode qodef-m  qodef-single-image qodef-layout--default    qodef-image-mask\">\n\t\t\t<div class=\"qodef-m-image\">\n\t\t\t\t\t\t\t\t<img fetchpriority=\"high\" decoding=\"async\" width=\"800\" height=\"664\" src=\"https:\/\/travelandeatpasta.com\/wp-content\/uploads\/2023\/12\/Home-6-img-1.jpg\" class=\"attachment-full size-full\" alt=\"s\" srcset=\"https:\/\/travelandeatpasta.com\/wp-content\/uploads\/2023\/12\/Home-6-img-1.jpg 800w, https:\/\/travelandeatpasta.com\/wp-content\/uploads\/2023\/12\/Home-6-img-1-300x249.jpg 300w, https:\/\/travelandeatpasta.com\/wp-content\/uploads\/2023\/12\/Home-6-img-1-768x637.jpg 768w\" sizes=\"(max-width: 800px) 100vw, 800px\" \/>\t\t\t\t\t\t\t<\/div>\n\t\t<svg class=\"qodef-svg--image-mask\" xmlns=\"http:\/\/www.w3.org\/2000\/svg\"\n     xmlns:xlink=\"http:\/\/www.w3.org\/1999\/xlink\" width=\"0\" height=\"0\" viewBox=\"0 0 640.4 531.5\"\n     preserveAspectRatio=\"none\"><clipPath\n\t\t\tid=\"qodef-image-mask-329\"\n\t\t\tclipPathUnits=\"objectBoundingBox\" transform=\"scale(0.00156, 0.00188)\"><path d=\"M600.8,299.5c-6.3,8.6-13.2,16.7-20.7,24.3c-7.3,7.5-15,14.4-23.2,20.8\n\tc-6.4,4.8-13.1,9.2-20.1,13.2c-10.5,6.1-21.5,11.4-32.8,15.9c-35.1,15-72.6,18.8-110.9,22.9c-18.6,2.1-36.9,7.6-50.9,20.3\n\tc-10.8,10.7-20.3,22.6-28.2,35.5c-8.1,12.8-15.1,26.6-22.2,40.8c-4.4,8.1-10.7,14.4-17.9,19.6c-2.9,2.2-6,4.2-9.1,5.9\n\tc-3.2,1.7-6.5,3.3-9.9,4.9c-39.6,18.7-90,3.5-106.5-38.2c-10.4-26.4-18-53.3-40.3-71.4C68.1,381.6,11.8,356.6,2.1,300.8\n\tc-1.8-10.4-2.4-21-2-31.5c1.1-27.5,8.6-54.4,22-78.4c7-11.5,14.5-22.6,22.6-33.4c22.4-31.8,43.7-63.2,73.7-89.7\n\tc14.3-12.1,29.2-23.4,44.8-33.8c11.4-7.2,21.7-13.8,33.8-18.6C249.4-9.7,308,4.8,354.6,39.6c35.5,26.9,70.6,51.7,114.2,58.2\n\tc6.9,1.6,15,3.7,24.1,6.2c24.7,5.2,49.2,6.6,74.7,11c16.9,3.1,32.7,7.6,45.5,19C664,178.1,634.4,253.9,600.8,299.5z M389.3,441.6\n\tc-6.8-10.3-21.3-13.6-32.3-8.1c-6.2,3.2-11.7,7.6-16.1,12.9c-1.3,1.8-2.7,3.9-4,5.8c-1.9,3-3.4,6.3-4.3,9.8\n\tc-0.5,2.8-0.6,5.6-0.3,8.4c0.3,1.4,0.8,2.7,1.4,3.9c10.2,15.9,32.8,12.4,46.7,3.5c2.1-1.4,4.1-3.1,5.7-5c1.2-1.3,2.2-3,3.4-4.3\n\tc1.2-2.1,2.2-4.3,2.9-6.6c0.4-1.5,0.5-2.9,0.9-4.4c0.2-2.2,0.1-4.4-0.3-6.5C392.4,447.6,391.2,444.4,389.3,441.6z M482.8,72\n\tc6.7-1,13.1-3.5,18.7-7.4c2.9-2.5,4.9-5.4,7.2-7.8c2.9-3.8,5-8.2,6-12.9c6.9-27.9-23.5-46.5-48.6-43.6c-6.4,1-12.8,1.5-19.1,2.9\n\tc-4.9,1.5-9.3,2.9-13.3,5.9c-3.4,2.9-6.4,5.4-8.8,9.3c-0.7,1.6-1.4,3.2-2,4.9C419.5,55.3,453.9,75.4,482.8,72L482.8,72z\n\t M415.7,423.9c-1.3,0.6-2.5,1.4-3.5,2.4c-0.7,0.6-1.4,1.5-2.1,2.1c-0.8,1.1-1.5,2.2-2,3.4c-0.3,0.8-0.5,1.5-0.8,2.4\n\tc-0.3,1.2-0.4,2.4-0.3,3.6c0.1,1.9,0.5,3.7,1.4,5.4c3,6.1,10.7,9,17.2,6.7c3.6-1.3,6.9-3.3,9.7-6c0.9-0.9,1.8-2,2.6-2.9\n\tc1.3-1.5,2.3-3.3,3-5.1c0.5-1.5,0.7-3,0.8-4.6c-0.1-0.8-0.2-1.5-0.5-2.3C436.6,419.7,424,420,415.7,423.9L415.7,423.9z\"\/><\/clipPath><\/svg><\/div>\n\t\t\t\t<\/div>\n\t\t\t\t<\/div>\n\t\t\t\t<\/div>\n\t\t<div class=\"elementor-element elementor-element-a184cf0 e-con-full e-flex qodef-container-heights--disabled e-con e-child\" data-id=\"a184cf0\" data-element_type=\"container\" data-e-type=\"container\">\n\t\t\t\t<div class=\"elementor-element elementor-element-ac8c28e elementor-widget elementor-widget-wanderaway_core_section_title\" data-id=\"ac8c28e\" data-element_type=\"widget\" data-e-type=\"widget\" data-widget_type=\"wanderaway_core_section_title.default\">\n\t\t\t\t<div class=\"elementor-widget-container\">\n\t\t\t\t\t<div class=\"qodef-shortcode qodef-m  qodef-section-title qodef-alignment--center \">\n\t\t<h3 class=\"qodef-m-title\" >\n\t\t\t\t\tHi, I'm Nick Loren. Travel Enthusiast. Come with me in one Adventure.\t\t\t<\/h3>\n\t\t<p class=\"qodef-m-text\" >\n\t\tDonec luctus auctor magna, ac ornare neque tristique quis. Etiam ut tellus eros. Duis pulvinar condimentum ullamcorper. Nullam nulla lectus, lacinia lacinia auctor quis, pharetra quis ex. Aenean eget nunc sit amet mauris rutrum semper. Donec molestie in sem non interdum. Praesent rutrum.\t<\/p>\n<\/div>\n\t\t\t\t<\/div>\n\t\t\t\t<\/div>\n\t\t\t\t<div class=\"elementor-element elementor-element-066c7f6 elementor-widget__width-auto elementor-widget elementor-widget-wanderaway_core_button\" data-id=\"066c7f6\" data-element_type=\"widget\" data-e-type=\"widget\" data-widget_type=\"wanderaway_core_button.default\">\n\t\t\t\t<div class=\"elementor-widget-container\">\n\t\t\t\t\t<a class=\"qodef-shortcode qodef-m  qodef-button qodef-layout--circle  qodef-html--link\" href=\"http:\/\/127.0.0.1\/travelandeatpasta\/destinations\/\" target=\"_self\"  >\n\t<svg class=\"qodef-svg--button-bubble\" xmlns=\"http:\/\/www.w3.org\/2000\/svg\" width=\"143.362\" height=\"107.64\" viewBox=\"0 0 143.362 107.64\"><path d=\"M3.317 34.825s13.24-48.979 86.355-29.781c64.547 16.948 52.908 55.534 51.615 61.439C127.206 130.76-21.25 117.432 3.317 34.825Z\"\/><\/svg>\t<span class=\"qodef-m-text\">View More<\/span>\n<\/a>\n\t\t\t\t<\/div>\n\t\t\t\t<\/div>\n\t\t\t\t<\/div>\n\t\t\t\t<\/div>\n\t\t<div class=\"elementor-element elementor-element-250018e e-con-full e-flex qodef-container-heights--disabled e-con e-parent\" data-id=\"250018e\" data-element_type=\"container\" data-e-type=\"container\" data-settings=\"{&quot;background_background&quot;:&quot;classic&quot;}\">\n\t\t<div class=\"elementor-element elementor-element-83a5f68 e-con-full e-flex qodef-container-heights--disabled e-con e-child\" data-id=\"83a5f68\" data-element_type=\"container\" data-e-type=\"container\" data-settings=\"{&quot;background_background&quot;:&quot;classic&quot;}\">\n\t\t<div class=\"elementor-element elementor-element-eed15bf e-con-full e-flex qodef-container-heights--disabled e-con e-child\" data-id=\"eed15bf\" data-element_type=\"container\" data-e-type=\"container\">\n\t\t\t\t<div class=\"elementor-element elementor-element-4eedfda elementor-widget elementor-widget-wanderaway_core_section_title\" data-id=\"4eedfda\" data-element_type=\"widget\" data-e-type=\"widget\" data-widget_type=\"wanderaway_core_section_title.default\">\n\t\t\t\t<div class=\"elementor-widget-container\">\n\t\t\t\t\t<div class=\"qodef-shortcode qodef-m  qodef-section-title qodef-alignment--left \">\n\t\t<h4 class=\"qodef-m-title\" >\n\t\t\t\t\tSubscribe to a Newsletter.\t\t\t<\/h4>\n\t\t<p class=\"qodef-m-text\" style=\"margin-top: 2px\">\n\t\tBe the first to receive on upcoming contests &amp; more!\t<\/p>\n<\/div>\n\t\t\t\t<\/div>\n\t\t\t\t<\/div>\n\t\t\t\t<\/div>\n\t\t<div class=\"elementor-element elementor-element-a3e1610 e-con-full e-flex qodef-container-heights--disabled e-con e-child\" data-id=\"a3e1610\" data-element_type=\"container\" data-e-type=\"container\">\n\t\t\t\t<div class=\"elementor-element elementor-element-ab76125 elementor-widget__width-initial elementor-widget elementor-widget-wp-widget-wanderaway_core_contact_form_7\" data-id=\"ab76125\" data-element_type=\"widget\" data-e-type=\"widget\" data-widget_type=\"wp-widget-wanderaway_core_contact_form_7.default\">\n\t\t\t\t<div class=\"elementor-widget-container\">\n\t\t\t\t\t\t\t\t<div class=\"qodef-contact-form-7\">\n\t\t\t\t<p class=\"wpcf7-contact-form-not-found\"><strong>Error:<\/strong> Contact form not found.<\/p>\t\t\t<\/div>\n\t\t\t\t\t\t\t<\/div>\n\t\t\t\t<\/div>\n\t\t\t\t<\/div>\n\t\t\t\t<\/div>\n\t\t\t\t<\/div>\n\t\t<div class=\"elementor-element elementor-element-d69778f e-con-full e-flex qodef-container-heights--disabled e-con e-parent\" data-id=\"d69778f\" data-element_type=\"container\" data-e-type=\"container\">\n\t\t\t\t<div class=\"elementor-element elementor-element-096e047 elementor-widget elementor-widget-wanderaway_core_blog_list\" data-id=\"096e047\" data-element_type=\"widget\" data-e-type=\"widget\" data-widget_type=\"wanderaway_core_blog_list.default\">\n\t\t\t\t<div class=\"elementor-widget-container\">\n\t\t\t\t\t\t\n\t<div class=\"qodef-shortcode qodef-m  qodef-blog qodef--list qodef-item-layout--standard     qodef-grid qodef-layout--masonry  qodef-gutter--custom  qodef-col-num--3 qodef-item-layout--standard qodef-pagination--off qodef-responsive--custom qodef-col-num--1440--2 qodef-col-num--1366--2 qodef-col-num--1024--2 qodef-col-num--768--2 qodef-col-num--680--1 qodef-col-num--480--1\" style=\"--qode-gutter-custom: 60px;--qode-vertical-gutter-custom: 800px;--qode-gutter-custom-1440: 60px;--qode-vertical-gutter-custom-1440: 800px;--qode-gutter-custom-1024: 40px;--qode-vertical-gutter-custom-1024: 60px;--qode-gutter-custom-680: 40px;--qode-vertical-gutter-custom-680: 60px\" data-options=\"{&quot;plugin&quot;:&quot;wanderaway_core&quot;,&quot;module&quot;:&quot;blog\\\/shortcodes&quot;,&quot;shortcode&quot;:&quot;blog-list&quot;,&quot;post_type&quot;:&quot;post&quot;,&quot;next_page&quot;:&quot;2&quot;,&quot;max_pages_num&quot;:0,&quot;behavior&quot;:&quot;masonry&quot;,&quot;columns&quot;:&quot;3&quot;,&quot;columns_responsive&quot;:&quot;custom&quot;,&quot;columns_1440&quot;:&quot;2&quot;,&quot;columns_1366&quot;:&quot;2&quot;,&quot;columns_1024&quot;:&quot;2&quot;,&quot;columns_768&quot;:&quot;2&quot;,&quot;columns_680&quot;:&quot;1&quot;,&quot;columns_480&quot;:&quot;1&quot;,&quot;space&quot;:&quot;custom&quot;,&quot;space_custom&quot;:&quot;60px&quot;,&quot;space_custom_1440&quot;:&quot;60px&quot;,&quot;space_custom_1024&quot;:&quot;40px&quot;,&quot;space_custom_680&quot;:&quot;40px&quot;,&quot;vertical_space_custom&quot;:&quot;800px&quot;,&quot;vertical_space_custom_1440&quot;:&quot;800px&quot;,&quot;vertical_space_custom_1024&quot;:&quot;60px&quot;,&quot;vertical_space_custom_680&quot;:&quot;60px&quot;,&quot;posts_per_page&quot;:&quot;9&quot;,&quot;orderby&quot;:&quot;date&quot;,&quot;order&quot;:&quot;ASC&quot;,&quot;additional_params&quot;:&quot;tax&quot;,&quot;tax&quot;:&quot;post_tag&quot;,&quot;tax_slug&quot;:&quot;mountains&quot;,&quot;layout&quot;:&quot;standard&quot;,&quot;hover_animation_info-follow&quot;:&quot;follow&quot;,&quot;title_tag&quot;:&quot;h4&quot;,&quot;excerpt_length&quot;:&quot;0&quot;,&quot;center_content&quot;:&quot;yes&quot;,&quot;is_related_posts&quot;:&quot;no&quot;,&quot;pagination_type&quot;:&quot;no-pagination&quot;,&quot;object_class_name&quot;:&quot;WanderawayCore_Blog_List_Shortcode&quot;,&quot;taxonomy_filter&quot;:&quot;post_tag&quot;,&quot;additional_query_args&quot;:{&quot;tax_query&quot;:[{&quot;taxonomy&quot;:&quot;post_tag&quot;,&quot;field&quot;:&quot;slug&quot;,&quot;terms&quot;:&quot;mountains&quot;}]},&quot;outer_holder_classes&quot;:&quot;qodef-blog-list-shortcode-outer qodef-blog-outer--standard&quot;,&quot;holder_styles&quot;:{&quot;custom&quot;:&quot;--qode-gutter-custom: 60px&quot;,&quot;vertical_custom&quot;:&quot;--qode-vertical-gutter-custom: 800px&quot;,&quot;custom_1440&quot;:&quot;--qode-gutter-custom-1440: 60px&quot;,&quot;vertical_custom_1440&quot;:&quot;--qode-vertical-gutter-custom-1440: 800px&quot;,&quot;custom_1024&quot;:&quot;--qode-gutter-custom-1024: 40px&quot;,&quot;vertical_custom_1024&quot;:&quot;--qode-vertical-gutter-custom-1024: 60px&quot;,&quot;custom_680&quot;:&quot;--qode-gutter-custom-680: 40px&quot;,&quot;vertical_custom_680&quot;:&quot;--qode-vertical-gutter-custom-680: 60px&quot;},&quot;space_value&quot;:0}\">\n\t\t\t\t<div class=\"qodef-grid-inner\">\n\t\t\t\t<div class=\"qodef-grid-masonry-sizer\"><\/div>\n<p class=\"qodef-m-posts-not-found qodef-grid-item\">Przykro mi, ale nie ma tutaj jeszcze post\u00f3w... \ud83d\ude41<\/p>\n\t\t<\/div>\n\t\t\t<\/div>\n\t\t\t\t<\/div>\n\t\t\t\t<\/div>\n\t\t\t\t<\/div>\n\t\t<div class=\"elementor-element elementor-element-af9599b e-con-full elementor-hidden-tablet elementor-hidden-mobile e-flex qodef-container-heights--disabled e-con e-parent\" data-id=\"af9599b\" data-element_type=\"container\" data-e-type=\"container\">\n\t\t<div class=\"elementor-element elementor-element-8f0dfb7 e-con-full e-flex qodef-container-heights--disabled e-con e-child\" data-id=\"8f0dfb7\" data-element_type=\"container\" data-e-type=\"container\">\n\t\t\t\t<div class=\"elementor-element elementor-element-a58507e elementor-widget elementor-widget-text-editor\" data-id=\"a58507e\" data-element_type=\"widget\" data-e-type=\"widget\" data-widget_type=\"text-editor.default\">\n\t\t\t\t<div class=\"elementor-widget-container\">\n\t\t\t\t\t\t\t\t\t<p>\u00a9 2024 <a class=\"qodef-link-underline\" href=\"https:\/\/www.qodeinteractive.com\/\" target=\"_blank\" rel=\"noopener\">Qode Interactive<\/a>, All Rights Reserved<\/p>\t\t\t\t\t\t\t\t<\/div>\n\t\t\t\t<\/div>\n\t\t\t\t<\/div>\n\t\t<div class=\"elementor-element elementor-element-1fa01e7 e-con-full e-flex qodef-container-heights--disabled e-con e-child\" data-id=\"1fa01e7\" data-element_type=\"container\" data-e-type=\"container\">\n\t\t\t\t<div class=\"elementor-element elementor-element-102c28a elementor-widget elementor-widget-wanderaway_core_advanced_nav_menu\" data-id=\"102c28a\" data-element_type=\"widget\" data-e-type=\"widget\" data-widget_type=\"wanderaway_core_advanced_nav_menu.default\">\n\t\t\t\t<div class=\"elementor-widget-container\">\n\t\t\t\t\t<div class=\"qodef-shortcode qodef-m  qodef-advanced-nav-menu qodef-direction--horizontal\" >\n\t\n\t<\/div>\n\t\t\t\t<\/div>\n\t\t\t\t<\/div>\n\t\t\t\t<\/div>\n\t\t\t\t<\/div>\n\t\t\t\t<\/div>\n\t\t","protected":false},"excerpt":{"rendered":"<p>Hi, I&#8217;m Nick Loren. Travel Enthusiast. Come with me in one Adventure. Donec luctus auctor magna, ac ornare neque tristique quis. Etiam ut tellus eros. Duis pulvinar condimentum ullamcorper. Nullam nulla lectus, lacinia lacinia auctor quis, pharetra quis ex. Aenean eget nunc sit amet mauris rutrum semper. Donec molestie in sem non interdum. Praesent rutrum. [&hellip;]<\/p>\n","protected":false},"author":4,"featured_media":6991,"parent":0,"menu_order":0,"comment_status":"closed","ping_status":"closed","template":"page-full-width.php","meta":{"footnotes":""},"class_list":["post-8186","page","type-page","status-publish","has-post-thumbnail","hentry"],"yoast_head":"<!-- This site is optimized with the Yoast SEO plugin v26.8 - https:\/\/yoast.com\/product\/yoast-seo-wordpress\/ -->\n<title>Dolomites - Travel and Eat Pasta<\/title>\n<meta name=\"robots\" content=\"index, follow, max-snippet:-1, max-image-preview:large, max-video-preview:-1\" \/>\n<link rel=\"canonical\" href=\"https:\/\/travelandeatpasta.com\/en\/dolomites\/\" \/>\n<meta property=\"og:locale\" content=\"en_US\" \/>\n<meta property=\"og:type\" content=\"article\" \/>\n<meta property=\"og:title\" content=\"Dolomites - Travel and Eat Pasta\" \/>\n<meta property=\"og:description\" content=\"Hi, I&#8217;m Nick Loren. Travel Enthusiast. Come with me in one Adventure. Donec luctus auctor magna, ac ornare neque tristique quis. Etiam ut tellus eros. Duis pulvinar condimentum ullamcorper. Nullam nulla lectus, lacinia lacinia auctor quis, pharetra quis ex. Aenean eget nunc sit amet mauris rutrum semper. Donec molestie in sem non interdum. Praesent rutrum. [&hellip;]\" \/>\n<meta property=\"og:url\" content=\"https:\/\/travelandeatpasta.com\/en\/dolomites\/\" \/>\n<meta property=\"og:site_name\" content=\"Travel and Eat Pasta\" \/>\n<meta property=\"og:image\" content=\"https:\/\/travelandeatpasta.com\/wp-content\/uploads\/2024\/01\/open-graph.jpg\" \/>\n\t<meta property=\"og:image:width\" content=\"1200\" \/>\n\t<meta property=\"og:image:height\" content=\"630\" \/>\n\t<meta property=\"og:image:type\" content=\"image\/jpeg\" \/>\n<meta name=\"twitter:card\" content=\"summary_large_image\" \/>\n<meta name=\"twitter:label1\" content=\"Est. reading time\" \/>\n\t<meta name=\"twitter:data1\" content=\"1 minute\" \/>\n<script type=\"application\/ld+json\" class=\"yoast-schema-graph\">{\"@context\":\"https:\/\/schema.org\",\"@graph\":[{\"@type\":\"WebPage\",\"@id\":\"https:\/\/travelandeatpasta.com\/dolomites\/\",\"url\":\"https:\/\/travelandeatpasta.com\/dolomites\/\",\"name\":\"Dolomites - Travel and Eat Pasta\",\"isPartOf\":{\"@id\":\"https:\/\/travelandeatpasta.com\/#website\"},\"primaryImageOfPage\":{\"@id\":\"https:\/\/travelandeatpasta.com\/dolomites\/#primaryimage\"},\"image\":{\"@id\":\"https:\/\/travelandeatpasta.com\/dolomites\/#primaryimage\"},\"thumbnailUrl\":\"https:\/\/travelandeatpasta.com\/wp-content\/uploads\/2024\/01\/open-graph.jpg\",\"datePublished\":\"2023-08-15T12:41:45+00:00\",\"breadcrumb\":{\"@id\":\"https:\/\/travelandeatpasta.com\/dolomites\/#breadcrumb\"},\"inLanguage\":\"en-US\",\"potentialAction\":[{\"@type\":\"ReadAction\",\"target\":[\"https:\/\/travelandeatpasta.com\/dolomites\/\"]}]},{\"@type\":\"ImageObject\",\"inLanguage\":\"en-US\",\"@id\":\"https:\/\/travelandeatpasta.com\/dolomites\/#primaryimage\",\"url\":\"https:\/\/travelandeatpasta.com\/wp-content\/uploads\/2024\/01\/open-graph.jpg\",\"contentUrl\":\"https:\/\/travelandeatpasta.com\/wp-content\/uploads\/2024\/01\/open-graph.jpg\",\"width\":1200,\"height\":630,\"caption\":\"s\"},{\"@type\":\"BreadcrumbList\",\"@id\":\"https:\/\/travelandeatpasta.com\/dolomites\/#breadcrumb\",\"itemListElement\":[{\"@type\":\"ListItem\",\"position\":1,\"name\":\"Strona g\u0142\u00f3wna\",\"item\":\"https:\/\/travelandeatpasta.com\/\"},{\"@type\":\"ListItem\",\"position\":2,\"name\":\"Dolomites\"}]},{\"@type\":\"WebSite\",\"@id\":\"https:\/\/travelandeatpasta.com\/#website\",\"url\":\"https:\/\/travelandeatpasta.com\/\",\"name\":\"Travel and Eat Pasta - blog o podr\u00f3\u017cach po Europie, W\u0142ochach i najlepszych restauracjach\",\"description\":\"Blog o W\u0142oszech i podr\u00f3\u017cach po Europie i \u015bwiecie\",\"publisher\":{\"@id\":\"https:\/\/travelandeatpasta.com\/#\/schema\/person\/dfb3e875ac8bd2f4247599904ab790b6\"},\"potentialAction\":[{\"@type\":\"SearchAction\",\"target\":{\"@type\":\"EntryPoint\",\"urlTemplate\":\"https:\/\/travelandeatpasta.com\/?s={search_term_string}\"},\"query-input\":{\"@type\":\"PropertyValueSpecification\",\"valueRequired\":true,\"valueName\":\"search_term_string\"}}],\"inLanguage\":\"en-US\"},{\"@type\":[\"Person\",\"Organization\"],\"@id\":\"https:\/\/travelandeatpasta.com\/#\/schema\/person\/dfb3e875ac8bd2f4247599904ab790b6\",\"name\":\"travelandeatpasta.com\",\"image\":{\"@type\":\"ImageObject\",\"inLanguage\":\"en-US\",\"@id\":\"https:\/\/travelandeatpasta.com\/#\/schema\/person\/image\/\",\"url\":\"https:\/\/travelandeatpasta.com\/wp-content\/uploads\/2023\/11\/26eedf1b-81f1-46d2-806d-5c541849c820-1.png\",\"contentUrl\":\"https:\/\/travelandeatpasta.com\/wp-content\/uploads\/2023\/11\/26eedf1b-81f1-46d2-806d-5c541849c820-1.png\",\"width\":500,\"height\":500,\"caption\":\"travelandeatpasta.com\"},\"logo\":{\"@id\":\"https:\/\/travelandeatpasta.com\/#\/schema\/person\/image\/\"},\"description\":\"Hi, thank you for visiting me! Travel and Eat Pasta is a blog that was created to inspire and share places that I've visited. I love travelling, photography and creating content. In private, I split my life between Poland and Italy, so you will find a lot of inspiration from these two countries here!\",\"sameAs\":[\"http:\/\/travelandeatpasta.com\",\"https:\/\/www.instagram.com\/travelandeatpasta\/\"]}]}<\/script>\n<!-- \/ Yoast SEO plugin. -->","yoast_head_json":{"title":"Dolomites - Travel and Eat Pasta","robots":{"index":"index","follow":"follow","max-snippet":"max-snippet:-1","max-image-preview":"max-image-preview:large","max-video-preview":"max-video-preview:-1"},"canonical":"https:\/\/travelandeatpasta.com\/en\/dolomites\/","og_locale":"en_US","og_type":"article","og_title":"Dolomites - Travel and Eat Pasta","og_description":"Hi, I&#8217;m Nick Loren. Travel Enthusiast. Come with me in one Adventure. Donec luctus auctor magna, ac ornare neque tristique quis. Etiam ut tellus eros. Duis pulvinar condimentum ullamcorper. Nullam nulla lectus, lacinia lacinia auctor quis, pharetra quis ex. Aenean eget nunc sit amet mauris rutrum semper. Donec molestie in sem non interdum. Praesent rutrum. [&hellip;]","og_url":"https:\/\/travelandeatpasta.com\/en\/dolomites\/","og_site_name":"Travel and Eat Pasta","og_image":[{"width":1200,"height":630,"url":"https:\/\/travelandeatpasta.com\/wp-content\/uploads\/2024\/01\/open-graph.jpg","type":"image\/jpeg"}],"twitter_card":"summary_large_image","twitter_misc":{"Est. reading time":"1 minute"},"schema":{"@context":"https:\/\/schema.org","@graph":[{"@type":"WebPage","@id":"https:\/\/travelandeatpasta.com\/dolomites\/","url":"https:\/\/travelandeatpasta.com\/dolomites\/","name":"Dolomites - Travel and Eat Pasta","isPartOf":{"@id":"https:\/\/travelandeatpasta.com\/#website"},"primaryImageOfPage":{"@id":"https:\/\/travelandeatpasta.com\/dolomites\/#primaryimage"},"image":{"@id":"https:\/\/travelandeatpasta.com\/dolomites\/#primaryimage"},"thumbnailUrl":"https:\/\/travelandeatpasta.com\/wp-content\/uploads\/2024\/01\/open-graph.jpg","datePublished":"2023-08-15T12:41:45+00:00","breadcrumb":{"@id":"https:\/\/travelandeatpasta.com\/dolomites\/#breadcrumb"},"inLanguage":"en-US","potentialAction":[{"@type":"ReadAction","target":["https:\/\/travelandeatpasta.com\/dolomites\/"]}]},{"@type":"ImageObject","inLanguage":"en-US","@id":"https:\/\/travelandeatpasta.com\/dolomites\/#primaryimage","url":"https:\/\/travelandeatpasta.com\/wp-content\/uploads\/2024\/01\/open-graph.jpg","contentUrl":"https:\/\/travelandeatpasta.com\/wp-content\/uploads\/2024\/01\/open-graph.jpg","width":1200,"height":630,"caption":"s"},{"@type":"BreadcrumbList","@id":"https:\/\/travelandeatpasta.com\/dolomites\/#breadcrumb","itemListElement":[{"@type":"ListItem","position":1,"name":"Strona g\u0142\u00f3wna","item":"https:\/\/travelandeatpasta.com\/"},{"@type":"ListItem","position":2,"name":"Dolomites"}]},{"@type":"WebSite","@id":"https:\/\/travelandeatpasta.com\/#website","url":"https:\/\/travelandeatpasta.com\/","name":"Travel and Eat Pasta - blog o podr\u00f3\u017cach po Europie, W\u0142ochach i najlepszych restauracjach","description":"Blog o W\u0142oszech i podr\u00f3\u017cach po Europie i \u015bwiecie","publisher":{"@id":"https:\/\/travelandeatpasta.com\/#\/schema\/person\/dfb3e875ac8bd2f4247599904ab790b6"},"potentialAction":[{"@type":"SearchAction","target":{"@type":"EntryPoint","urlTemplate":"https:\/\/travelandeatpasta.com\/?s={search_term_string}"},"query-input":{"@type":"PropertyValueSpecification","valueRequired":true,"valueName":"search_term_string"}}],"inLanguage":"en-US"},{"@type":["Person","Organization"],"@id":"https:\/\/travelandeatpasta.com\/#\/schema\/person\/dfb3e875ac8bd2f4247599904ab790b6","name":"travelandeatpasta.com","image":{"@type":"ImageObject","inLanguage":"en-US","@id":"https:\/\/travelandeatpasta.com\/#\/schema\/person\/image\/","url":"https:\/\/travelandeatpasta.com\/wp-content\/uploads\/2023\/11\/26eedf1b-81f1-46d2-806d-5c541849c820-1.png","contentUrl":"https:\/\/travelandeatpasta.com\/wp-content\/uploads\/2023\/11\/26eedf1b-81f1-46d2-806d-5c541849c820-1.png","width":500,"height":500,"caption":"travelandeatpasta.com"},"logo":{"@id":"https:\/\/travelandeatpasta.com\/#\/schema\/person\/image\/"},"description":"Hi, thank you for visiting me! Travel and Eat Pasta is a blog that was created to inspire and share places that I've visited. I love travelling, photography and creating content. In private, I split my life between Poland and Italy, so you will find a lot of inspiration from these two countries here!","sameAs":["http:\/\/travelandeatpasta.com","https:\/\/www.instagram.com\/travelandeatpasta\/"]}]}},"_links":{"self":[{"href":"https:\/\/travelandeatpasta.com\/en\/wp-json\/wp\/v2\/pages\/8186","targetHints":{"allow":["GET"]}}],"collection":[{"href":"https:\/\/travelandeatpasta.com\/en\/wp-json\/wp\/v2\/pages"}],"about":[{"href":"https:\/\/travelandeatpasta.com\/en\/wp-json\/wp\/v2\/types\/page"}],"author":[{"embeddable":true,"href":"https:\/\/travelandeatpasta.com\/en\/wp-json\/wp\/v2\/users\/4"}],"replies":[{"embeddable":true,"href":"https:\/\/travelandeatpasta.com\/en\/wp-json\/wp\/v2\/comments?post=8186"}],"version-history":[{"count":0,"href":"https:\/\/travelandeatpasta.com\/en\/wp-json\/wp\/v2\/pages\/8186\/revisions"}],"wp:featuredmedia":[{"embeddable":true,"href":"https:\/\/travelandeatpasta.com\/en\/wp-json\/wp\/v2\/media\/6991"}],"wp:attachment":[{"href":"https:\/\/travelandeatpasta.com\/en\/wp-json\/wp\/v2\/media?parent=8186"}],"curies":[{"name":"wp","href":"https:\/\/api.w.org\/{rel}","templated":true}]}}